{"id":239,"date":"2023-06-08T17:28:12","date_gmt":"2023-06-08T17:28:12","guid":{"rendered":"https:\/\/electrocontrol.es\/?page_id=239"},"modified":"2023-10-05T08:37:13","modified_gmt":"2023-10-05T08:37:13","slug":"politica-de-cookies","status":"publish","type":"page","link":"https:\/\/electrocontrol.es\/en\/politica-de-cookies\/","title":{"rendered":"Cookie policy"},"content":{"rendered":"<div data-elementor-type=\"wp-page\" data-elementor-id=\"239\" class=\"elementor elementor-239\" data-elementor-post-type=\"page\">\n\t\t\t\t\t\t<section class=\"elementor-section elementor-top-section elementor-element elementor-element-30b0edc6 elementor-section-boxed elementor-section-height-default elementor-section-height-default\" data-id=\"30b0edc6\" data-element_type=\"section\" data-settings=\"{&quot;background_background&quot;:&quot;classic&quot;}\">\n\t\t\t\t\t\t\t<div class=\"elementor-background-overlay\"><\/div>\n\t\t\t\t\t\t\t<div class=\"elementor-container elementor-column-gap-default\">\n\t\t\t\t\t<div class=\"elementor-column elementor-col-100 elementor-top-column elementor-element elementor-element-382cf75a\" data-id=\"382cf75a\" data-element_type=\"column\">\n\t\t\t<div class=\"elementor-widget-wrap elementor-element-populated\">\n\t\t\t\t\t\t<section class=\"elementor-section elementor-inner-section elementor-element elementor-element-53c0fb84 elementor-section-boxed elementor-section-height-default elementor-section-height-default elementor-invisible\" data-id=\"53c0fb84\" data-element_type=\"section\" data-settings=\"{&quot;background_background&quot;:&quot;classic&quot;,&quot;animation&quot;:&quot;fadeInUp&quot;}\">\n\t\t\t\t\t\t<div class=\"elementor-container elementor-column-gap-default\">\n\t\t\t\t\t<div class=\"elementor-column elementor-col-100 elementor-inner-column elementor-element elementor-element-5d982fad\" data-id=\"5d982fad\" data-element_type=\"column\">\n\t\t\t<div class=\"elementor-widget-wrap elementor-element-populated\">\n\t\t\t\t\t\t<div class=\"elementor-element elementor-element-7dd75e99 elementor-widget elementor-widget-heading\" data-id=\"7dd75e99\" data-element_type=\"widget\" data-widget_type=\"heading.default\">\n\t\t\t\t<div class=\"elementor-widget-container\">\n\t\t\t<style>\/*! elementor - v3.19.0 - 07-02-2024 *\/\n.elementor-heading-title{padding:0;margin:0;line-height:1}.elementor-widget-heading .elementor-heading-title[class*=elementor-size-]>a{color:inherit;font-size:inherit;line-height:inherit}.elementor-widget-heading .elementor-heading-title.elementor-size-small{font-size:15px}.elementor-widget-heading .elementor-heading-title.elementor-size-medium{font-size:19px}.elementor-widget-heading .elementor-heading-title.elementor-size-large{font-size:29px}.elementor-widget-heading .elementor-heading-title.elementor-size-xl{font-size:39px}.elementor-widget-heading .elementor-heading-title.elementor-size-xxl{font-size:59px}<\/style><h1 class=\"elementor-heading-title elementor-size-default\">Cookie policy<\/h1>\t\t<\/div>\n\t\t\t\t<\/div>\n\t\t\t\t\t<\/div>\n\t\t<\/div>\n\t\t\t\t\t<\/div>\n\t\t<\/section>\n\t\t\t\t\t<\/div>\n\t\t<\/div>\n\t\t\t\t\t<\/div>\n\t\t<\/section>\n\t\t\t\t<section class=\"elementor-section elementor-top-section elementor-element elementor-element-fe9465f elementor-section-boxed elementor-section-height-default elementor-section-height-default\" data-id=\"fe9465f\" data-element_type=\"section\">\n\t\t\t\t\t\t<div class=\"elementor-container elementor-column-gap-default\">\n\t\t\t\t\t<div class=\"elementor-column elementor-col-100 elementor-top-column elementor-element elementor-element-f31e814\" data-id=\"f31e814\" data-element_type=\"column\">\n\t\t\t<div class=\"elementor-widget-wrap elementor-element-populated\">\n\t\t\t\t\t\t<div class=\"elementor-element elementor-element-f3f529c elementor-widget elementor-widget-text-editor\" data-id=\"f3f529c\" data-element_type=\"widget\" data-widget_type=\"text-editor.default\">\n\t\t\t\t<div class=\"elementor-widget-container\">\n\t\t\t<style>\/*! elementor - v3.19.0 - 07-02-2024 *\/\n.elementor-widget-text-editor.elementor-drop-cap-view-stacked .elementor-drop-cap{background-color:#69727d;color:#fff}.elementor-widget-text-editor.elementor-drop-cap-view-framed .elementor-drop-cap{color:#69727d;border:3px solid;background-color:transparent}.elementor-widget-text-editor:not(.elementor-drop-cap-view-default) .elementor-drop-cap{margin-top:8px}.elementor-widget-text-editor:not(.elementor-drop-cap-view-default) .elementor-drop-cap-letter{width:1em;height:1em}.elementor-widget-text-editor .elementor-drop-cap{float:left;text-align:center;line-height:1;font-size:50px}.elementor-widget-text-editor .elementor-drop-cap-letter{display:inline-block}<\/style>\t\t\t\t<p class=\"text-align-justify\">En la presente web se utilizan cookies, de terceros, para analizar nuestros servicios y mostrarte publicidad relacionada con tus preferencias, en base a un perfil elaborado a partir de tus h\u00e1bitos de navegaci\u00f3n.<\/p><p class=\"text-align-justify\">Le informamos de que podemos utilizar cookies y otras tecnolog\u00edas en su equipo a condici\u00f3n de que usted haya dado su consentimiento en los t\u00e9rminos indicados en el apartado correspondiente de esta pol\u00edtica, salvo en los supuestos en los que las cookies sean necesarias para la navegaci\u00f3n por el Sitio Web.<\/p><p class=\"text-align-justify\">A tal efecto, le indicamos que la utilizaci\u00f3n de las diferentes soluciones por nuestro Sitio Web, en el caso de que nos proporcione su consentimiento, nos permite analizar la navegaci\u00f3n por la web para conocer el origen de las visitas y otros datos estad\u00edsticos, de manera an\u00f3nima.<\/p><p class=\"text-align-justify\">\u00bfQu\u00e9 son las cookies?<\/p><p class=\"text-align-justify\">Las cookies son peque\u00f1os ficheros de texto, los cuales son insertados de forma autom\u00e1tica en aquellos dispositivos telem\u00e1ticos empleados por el usuario cuando efect\u00faa una visita al sitio web. Estos archivos que se descargan pueden almacenar datos que podr\u00e1n ser actualizados y recuperados por la entidad responsable de su instalaci\u00f3n. Estos archivos permiten conocer, con fines estad\u00edsticos, de mejora del servicio y adaptaci\u00f3n de \u00e9ste a sus preferencias, cu\u00e1l es su comportamiento al navegar por la web. Las cookies se asocian \u00fanicamente a su navegador y no proporcionan por s\u00ed mismas datos personales. Las cookies no pueden da\u00f1ar su dispositivo y adem\u00e1s son muy \u00fatiles, ya que ayudan a identificar y resolver errores.<\/p><p class=\"text-align-justify\">Este sitio Web utiliza las siguientes cookies:<\/p><p class=\"text-align-justify\"><a href=\"https:\/\/www.electrocontrol.net\/null\" target=\"_blank\" rel=\"noopener\">COOKIES DE TERCEROS<\/a><\/p><p class=\"text-align-justify\">Cookies de an\u00e1lisis: Son aqu\u00e9llas que bien tratadas por nosotros o por terceros, nos permiten cuantificar el n\u00famero de usuarios y as\u00ed realizar la medici\u00f3n y an\u00e1lisis estad\u00edstico de la utilizaci\u00f3n que hacen los usuarios del servicio ofertado. Para ello se analiza su navegaci\u00f3n en nuestra p\u00e1gina web con el fin de mejorar la oferta de productos o servicios que le ofrecemos.<\/p><p class=\"text-align-justify\">Cookies funcionales: Estas cookies sirven para mejorar la funcionalidad del Sitio Web. Se trata, por ejemplo, de cookies que recuerdan el contenido que usted ha visualizado anteriormente en este sitio web o la ID de usuario de un registro en una visita anterior.<\/p><p class=\"text-align-justify\">En concreto, en este sitio web se utilizan las de Google Analytics:<\/p><p class=\"text-align-justify\">Con las cookies de Google Analytics, se habilitan y se utilizan un conjunto de cookies para recopilar informaci\u00f3n de forma an\u00f3nima, que permiten elaborar informes de tendencias del sitio web sin identificar a los usuarios de manera individual. Con ello, se pretende garantizar la continuidad del servicio y realizar mejoras en el sitio Web.<\/p><p class=\"text-align-justify\">En el supuesto en el que el Usuario impida la instalaci\u00f3n de estas cookies, es posible que no todas las funciones de la web puedan utilizarse de manera completa y sin limitaciones.<\/p><p class=\"text-align-justify\"><span class=\"\">El recabado y almacenamiento de la direcci\u00f3n IP y de los datos creados por las cookies pueden ser cancelados en cualquier momento con efectos en el futuro. Aqu\u00ed se puede encontrar el complemento del navegador necesario para ello:\u00a0<\/span><a href=\"https:\/\/tools.google.com\/dlpage\/gaoptout?hl=es\" target=\"_blank\" rel=\"noopener\">https:\/\/tools.google.com\/dlpage\/gaoptout?hl=es<\/a><\/p><p class=\"text-align-justify\"><br \/>CONSENTIMIENTO<\/p><p class=\"text-align-justify\">\u00a0<\/p><p class=\"text-align-justify\">Podr\u00e1 prestar su consentimiento mediante la aceptaci\u00f3n de la instalaci\u00f3n de cookies a trav\u00e9s del banner informativo que se le mostr\u00f3 al acceder a nuestro sitio web, o mediante la configuraci\u00f3n de las cookies a trav\u00e9s del panel de configuraci\u00f3n.<\/p><p class=\"text-align-justify\">\u00a0<\/p><p class=\"text-align-justify\">REVOCACI\u00d3N DEL CONSENTIMIENTO<\/p><p class=\"text-align-justify\"><span class=\"\">En cualquier caso, le informamos de que, dado que determinadas \u201ccookies\u201d no son necesarias para el uso del Sitio Web, usted puede revocar su consentimiento para su uso en cualquier momento rechazando su utilizaci\u00f3n en el panel de configuraci\u00f3n de la presente pol\u00edtica, o bloque\u00e1ndolos a trav\u00e9s de la configuraci\u00f3n de su navegador (v\u00e9anse m\u00e1s detalles abajo).<\/span><\/p><p class=\"text-align-justify\">La pr\u00e1ctica mayor\u00eda de los navegadores permiten advertir de la presencia de \u201ccookies\u201d o rechazarlas autom\u00e1ticamente. Si las rechaza, podr\u00e1 seguir usando nuestro Sitio Web, aunque el uso de algunos de sus servicios podr\u00e1 ser limitado. No obstante, es preciso se\u00f1alar que si usa las configuraciones de su navegador para bloquear todas las tecnolog\u00edas de almacenamiento (incluidas \u201ccookies\u201d fundamentales) puede que no tenga acceso a la totalidad o parte de nuestro Sitio Web.<\/p><p class=\"text-align-justify\">Tambi\u00e9n podr\u00e1 suprimir \u201ccookies\u201d en cualquier momento mediante las configuraciones de navegaci\u00f3n de su navegador.<\/p><p class=\"text-align-justify\">Para m\u00e1s informaci\u00f3n sobre la forma de gestionar las \u201ccookies\u201d o de revocar el consentimiento para el uso de las mismas, le remitimos al enlace pertinente:<\/p><p class=\"text-align-justify\"><a href=\"https:\/\/support.google.com\/chrome\/answer\/95647?hl=es\" target=\"_blank\" rel=\"noopener\">Chrome\u00a0<\/a><a href=\"https:\/\/support.microsoft.com\/es-es\/help\/17442\/windows-internet-explorer-delete-manage-cookies\" target=\"_blank\" rel=\"noopener\">Explorer\u00a0<\/a><a href=\"https:\/\/support.mozilla.org\/es\/kb\/habilitar-y-deshabilitar-cookies-sitios-web-rastrear-preferencias\" target=\"_blank\" rel=\"noopener\">Firefox\u00a0<\/a><a href=\"https:\/\/support.apple.com\/es-es\/HT201265\" target=\"_blank\" rel=\"noopener\">Safari<\/a><\/p>\t\t\t\t\t\t<\/div>\n\t\t\t\t<\/div>\n\t\t\t\t\t<\/div>\n\t\t<\/div>\n\t\t\t\t\t<\/div>\n\t\t<\/section>\n\t\t\t\t<\/div>","protected":false},"excerpt":{"rendered":"<p>En la presente web se utilizan cookies, de terceros, para analizar nuestros servicios y mostrarte publicidad relacionada con tus preferencias, en base a un perfil elaborado a partir de tus h\u00e1bitos de navegaci\u00f3n. Le informamos de que podemos utilizar cookies y otras tecnolog\u00edas en su equipo a condici\u00f3n de que usted haya dado su consentimiento [&hellip;]<\/p>","protected":false},"author":2,"featured_media":0,"parent":0,"menu_order":0,"comment_status":"closed","ping_status":"closed","template":"elementor_header_footer","meta":{"_monsterinsights_skip_tracking":false,"_monsterinsights_sitenote_active":false,"_monsterinsights_sitenote_note":"","_monsterinsights_sitenote_category":0,"footnotes":""},"yoast_head":"<!-- This site is optimized with the Yoast SEO plugin v22.1 - https:\/\/yoast.com\/wordpress\/plugins\/seo\/ -->\n<title>Pol\u00edtica de Cookies - Electrocontrol<\/title>\n<meta name=\"robots\" content=\"index, nofollow, max-snippet:-1, max-image-preview:large, max-video-preview:-1\" \/>\n<link rel=\"canonical\" href=\"https:\/\/electrocontrol.es\/en\/politica-de-cookies\/\" \/>\n<meta property=\"og:locale\" content=\"en_US\" \/>\n<meta property=\"og:type\" content=\"article\" \/>\n<meta property=\"og:title\" content=\"Pol\u00edtica de Cookies - Electrocontrol\" \/>\n<meta property=\"og:description\" content=\"En la presente web se utilizan cookies, de terceros, para analizar nuestros servicios y mostrarte publicidad relacionada con tus preferencias, en base a un perfil elaborado a partir de tus h\u00e1bitos de navegaci\u00f3n. Le informamos de que podemos utilizar cookies y otras tecnolog\u00edas en su equipo a condici\u00f3n de que usted haya dado su consentimiento [&hellip;]\" \/>\n<meta property=\"og:url\" content=\"https:\/\/electrocontrol.es\/en\/politica-de-cookies\/\" \/>\n<meta property=\"og:site_name\" content=\"Electrocontrol\" \/>\n<meta property=\"article:modified_time\" content=\"2023-10-05T08:37:13+00:00\" \/>\n<meta name=\"twitter:card\" content=\"summary_large_image\" \/>\n<meta name=\"twitter:label1\" content=\"Est. reading time\" \/>\n\t<meta name=\"twitter:data1\" content=\"4 minutes\" \/>\n<script type=\"application\/ld+json\" class=\"yoast-schema-graph\">{\"@context\":\"https:\/\/schema.org\",\"@graph\":[{\"@type\":\"WebPage\",\"@id\":\"https:\/\/electrocontrol.es\/politica-de-cookies\/\",\"url\":\"https:\/\/electrocontrol.es\/politica-de-cookies\/\",\"name\":\"Pol\u00edtica de Cookies - Electrocontrol\",\"isPartOf\":{\"@id\":\"https:\/\/electrocontrol.es\/en\/#website\"},\"datePublished\":\"2023-06-08T17:28:12+00:00\",\"dateModified\":\"2023-10-05T08:37:13+00:00\",\"breadcrumb\":{\"@id\":\"https:\/\/electrocontrol.es\/politica-de-cookies\/#breadcrumb\"},\"inLanguage\":\"en-US\",\"potentialAction\":[{\"@type\":\"ReadAction\",\"target\":[\"https:\/\/electrocontrol.es\/politica-de-cookies\/\"]}]},{\"@type\":\"BreadcrumbList\",\"@id\":\"https:\/\/electrocontrol.es\/politica-de-cookies\/#breadcrumb\",\"itemListElement\":[{\"@type\":\"ListItem\",\"position\":1,\"name\":\"Portada\",\"item\":\"https:\/\/electrocontrol.es\/\"},{\"@type\":\"ListItem\",\"position\":2,\"name\":\"Pol\u00edtica de Cookies\"}]},{\"@type\":\"WebSite\",\"@id\":\"https:\/\/electrocontrol.es\/en\/#website\",\"url\":\"https:\/\/electrocontrol.es\/en\/\",\"name\":\"Electrocontrol\",\"description\":\"Electricidad &amp; Automatizaci\u00f3n\",\"publisher\":{\"@id\":\"https:\/\/electrocontrol.es\/en\/#organization\"},\"potentialAction\":[{\"@type\":\"SearchAction\",\"target\":{\"@type\":\"EntryPoint\",\"urlTemplate\":\"https:\/\/electrocontrol.es\/en\/?s={search_term_string}\"},\"query-input\":\"required name=search_term_string\"}],\"inLanguage\":\"en-US\"},{\"@type\":\"Organization\",\"@id\":\"https:\/\/electrocontrol.es\/en\/#organization\",\"name\":\"Electrocontrol\",\"url\":\"https:\/\/electrocontrol.es\/en\/\",\"logo\":{\"@type\":\"ImageObject\",\"inLanguage\":\"en-US\",\"@id\":\"https:\/\/electrocontrol.es\/en\/#\/schema\/logo\/image\/\",\"url\":\"https:\/\/electrocontrol.es\/wp-content\/uploads\/2023\/05\/MicrosoftTeams-image-11.png\",\"contentUrl\":\"https:\/\/electrocontrol.es\/wp-content\/uploads\/2023\/05\/MicrosoftTeams-image-11.png\",\"width\":480,\"height\":75,\"caption\":\"Electrocontrol\"},\"image\":{\"@id\":\"https:\/\/electrocontrol.es\/en\/#\/schema\/logo\/image\/\"}}]}<\/script>\n<!-- \/ Yoast SEO plugin. -->","yoast_head_json":{"title":"Pol\u00edtica de Cookies - Electrocontrol","robots":{"index":"index","follow":"nofollow","max-snippet":"max-snippet:-1","max-image-preview":"max-image-preview:large","max-video-preview":"max-video-preview:-1"},"canonical":"https:\/\/electrocontrol.es\/en\/politica-de-cookies\/","og_locale":"en_US","og_type":"article","og_title":"Pol\u00edtica de Cookies - Electrocontrol","og_description":"En la presente web se utilizan cookies, de terceros, para analizar nuestros servicios y mostrarte publicidad relacionada con tus preferencias, en base a un perfil elaborado a partir de tus h\u00e1bitos de navegaci\u00f3n. Le informamos de que podemos utilizar cookies y otras tecnolog\u00edas en su equipo a condici\u00f3n de que usted haya dado su consentimiento [&hellip;]","og_url":"https:\/\/electrocontrol.es\/en\/politica-de-cookies\/","og_site_name":"Electrocontrol","article_modified_time":"2023-10-05T08:37:13+00:00","twitter_card":"summary_large_image","twitter_misc":{"Est. reading time":"4 minutes"},"schema":{"@context":"https:\/\/schema.org","@graph":[{"@type":"WebPage","@id":"https:\/\/electrocontrol.es\/politica-de-cookies\/","url":"https:\/\/electrocontrol.es\/politica-de-cookies\/","name":"Pol\u00edtica de Cookies - Electrocontrol","isPartOf":{"@id":"https:\/\/electrocontrol.es\/en\/#website"},"datePublished":"2023-06-08T17:28:12+00:00","dateModified":"2023-10-05T08:37:13+00:00","breadcrumb":{"@id":"https:\/\/electrocontrol.es\/politica-de-cookies\/#breadcrumb"},"inLanguage":"en-US","potentialAction":[{"@type":"ReadAction","target":["https:\/\/electrocontrol.es\/politica-de-cookies\/"]}]},{"@type":"BreadcrumbList","@id":"https:\/\/electrocontrol.es\/politica-de-cookies\/#breadcrumb","itemListElement":[{"@type":"ListItem","position":1,"name":"Portada","item":"https:\/\/electrocontrol.es\/"},{"@type":"ListItem","position":2,"name":"Pol\u00edtica de Cookies"}]},{"@type":"WebSite","@id":"https:\/\/electrocontrol.es\/en\/#website","url":"https:\/\/electrocontrol.es\/en\/","name":"Electrocontrol","description":"Electricidad &amp; Automatizaci\u00f3n","publisher":{"@id":"https:\/\/electrocontrol.es\/en\/#organization"},"potentialAction":[{"@type":"SearchAction","target":{"@type":"EntryPoint","urlTemplate":"https:\/\/electrocontrol.es\/en\/?s={search_term_string}"},"query-input":"required name=search_term_string"}],"inLanguage":"en-US"},{"@type":"Organization","@id":"https:\/\/electrocontrol.es\/en\/#organization","name":"Electrocontrol","url":"https:\/\/electrocontrol.es\/en\/","logo":{"@type":"ImageObject","inLanguage":"en-US","@id":"https:\/\/electrocontrol.es\/en\/#\/schema\/logo\/image\/","url":"https:\/\/electrocontrol.es\/wp-content\/uploads\/2023\/05\/MicrosoftTeams-image-11.png","contentUrl":"https:\/\/electrocontrol.es\/wp-content\/uploads\/2023\/05\/MicrosoftTeams-image-11.png","width":480,"height":75,"caption":"Electrocontrol"},"image":{"@id":"https:\/\/electrocontrol.es\/en\/#\/schema\/logo\/image\/"}}]}},"_links":{"self":[{"href":"https:\/\/electrocontrol.es\/en\/wp-json\/wp\/v2\/pages\/239"}],"collection":[{"href":"https:\/\/electrocontrol.es\/en\/wp-json\/wp\/v2\/pages"}],"about":[{"href":"https:\/\/electrocontrol.es\/en\/wp-json\/wp\/v2\/types\/page"}],"author":[{"embeddable":true,"href":"https:\/\/electrocontrol.es\/en\/wp-json\/wp\/v2\/users\/2"}],"replies":[{"embeddable":true,"href":"https:\/\/electrocontrol.es\/en\/wp-json\/wp\/v2\/comments?post=239"}],"version-history":[{"count":8,"href":"https:\/\/electrocontrol.es\/en\/wp-json\/wp\/v2\/pages\/239\/revisions"}],"predecessor-version":[{"id":1680,"href":"https:\/\/electrocontrol.es\/en\/wp-json\/wp\/v2\/pages\/239\/revisions\/1680"}],"wp:attachment":[{"href":"https:\/\/electrocontrol.es\/en\/wp-json\/wp\/v2\/media?parent=239"}],"curies":[{"name":"wp","href":"https:\/\/api.w.org\/{rel}","templated":true}]}}