{"id":237,"date":"2023-06-08T17:26:41","date_gmt":"2023-06-08T17:26:41","guid":{"rendered":"https:\/\/electrocontrol.es\/?page_id=237"},"modified":"2023-10-05T08:26:42","modified_gmt":"2023-10-05T08:26:42","slug":"accesibilidad","status":"publish","type":"page","link":"https:\/\/electrocontrol.es\/en\/accesibilidad\/","title":{"rendered":"Accessibility"},"content":{"rendered":"<div data-elementor-type=\"wp-page\" data-elementor-id=\"237\" class=\"elementor elementor-237\" data-elementor-post-type=\"page\">\n\t\t\t\t\t\t<section class=\"elementor-section elementor-top-section elementor-element elementor-element-30b0edc6 elementor-section-boxed elementor-section-height-default elementor-section-height-default\" data-id=\"30b0edc6\" data-element_type=\"section\" data-settings=\"{&quot;background_background&quot;:&quot;classic&quot;}\">\n\t\t\t\t\t\t\t<div class=\"elementor-background-overlay\"><\/div>\n\t\t\t\t\t\t\t<div class=\"elementor-container elementor-column-gap-default\">\n\t\t\t\t\t<div class=\"elementor-column elementor-col-100 elementor-top-column elementor-element elementor-element-382cf75a\" data-id=\"382cf75a\" data-element_type=\"column\">\n\t\t\t<div class=\"elementor-widget-wrap elementor-element-populated\">\n\t\t\t\t\t\t<section class=\"elementor-section elementor-inner-section elementor-element elementor-element-53c0fb84 elementor-section-boxed elementor-section-height-default elementor-section-height-default elementor-invisible\" data-id=\"53c0fb84\" data-element_type=\"section\" data-settings=\"{&quot;background_background&quot;:&quot;classic&quot;,&quot;animation&quot;:&quot;fadeInUp&quot;}\">\n\t\t\t\t\t\t<div class=\"elementor-container elementor-column-gap-default\">\n\t\t\t\t\t<div class=\"elementor-column elementor-col-100 elementor-inner-column elementor-element elementor-element-5d982fad\" data-id=\"5d982fad\" data-element_type=\"column\">\n\t\t\t<div class=\"elementor-widget-wrap elementor-element-populated\">\n\t\t\t\t\t\t<div class=\"elementor-element elementor-element-7dd75e99 elementor-widget elementor-widget-heading\" data-id=\"7dd75e99\" data-element_type=\"widget\" data-widget_type=\"heading.default\">\n\t\t\t\t<div class=\"elementor-widget-container\">\n\t\t\t<style>\/*! elementor - v3.19.0 - 07-02-2024 *\/\n.elementor-heading-title{padding:0;margin:0;line-height:1}.elementor-widget-heading .elementor-heading-title[class*=elementor-size-]>a{color:inherit;font-size:inherit;line-height:inherit}.elementor-widget-heading .elementor-heading-title.elementor-size-small{font-size:15px}.elementor-widget-heading .elementor-heading-title.elementor-size-medium{font-size:19px}.elementor-widget-heading .elementor-heading-title.elementor-size-large{font-size:29px}.elementor-widget-heading .elementor-heading-title.elementor-size-xl{font-size:39px}.elementor-widget-heading .elementor-heading-title.elementor-size-xxl{font-size:59px}<\/style><h1 class=\"elementor-heading-title elementor-size-default\">Accessibility<\/h1>\t\t<\/div>\n\t\t\t\t<\/div>\n\t\t\t\t\t<\/div>\n\t\t<\/div>\n\t\t\t\t\t<\/div>\n\t\t<\/section>\n\t\t\t\t\t<\/div>\n\t\t<\/div>\n\t\t\t\t\t<\/div>\n\t\t<\/section>\n\t\t\t\t<section class=\"elementor-section elementor-top-section elementor-element elementor-element-fe9465f elementor-section-boxed elementor-section-height-default elementor-section-height-default\" data-id=\"fe9465f\" data-element_type=\"section\">\n\t\t\t\t\t\t<div class=\"elementor-container elementor-column-gap-default\">\n\t\t\t\t\t<div class=\"elementor-column elementor-col-100 elementor-top-column elementor-element elementor-element-f31e814\" data-id=\"f31e814\" data-element_type=\"column\">\n\t\t\t<div class=\"elementor-widget-wrap elementor-element-populated\">\n\t\t\t\t\t\t<div class=\"elementor-element elementor-element-f3f529c elementor-widget elementor-widget-text-editor\" data-id=\"f3f529c\" data-element_type=\"widget\" data-widget_type=\"text-editor.default\">\n\t\t\t\t<div class=\"elementor-widget-container\">\n\t\t\t<style>\/*! elementor - v3.19.0 - 07-02-2024 *\/\n.elementor-widget-text-editor.elementor-drop-cap-view-stacked .elementor-drop-cap{background-color:#69727d;color:#fff}.elementor-widget-text-editor.elementor-drop-cap-view-framed .elementor-drop-cap{color:#69727d;border:3px solid;background-color:transparent}.elementor-widget-text-editor:not(.elementor-drop-cap-view-default) .elementor-drop-cap{margin-top:8px}.elementor-widget-text-editor:not(.elementor-drop-cap-view-default) .elementor-drop-cap-letter{width:1em;height:1em}.elementor-widget-text-editor .elementor-drop-cap{float:left;text-align:center;line-height:1;font-size:50px}.elementor-widget-text-editor .elementor-drop-cap-letter{display:inline-block}<\/style>\t\t\t\t<p><b><span data-contrast=\"auto\">Introducci\u00f3n.<\/span><\/b><\/p><p>En nuestra p\u00e1gina web, nos esforzamos por garantizar que todas las personas, independientemente de su situaci\u00f3n o habilidades, puedan acceder a nuestros contenidos y servicios. Creemos que la accesibilidad es un derecho fundamental y una responsabilidad \u00e9tica, y por eso hemos incorporado una serie de caracter\u00edsticas de dise\u00f1o y codificaci\u00f3n que hacen que nuestra p\u00e1gina web sea m\u00e1s accesible y f\u00e1cil de usar.<\/p><ol><li><strong>Directrices<\/strong><\/li><\/ol><p>El 1 de enero del a\u00f1o 2006 entr\u00f3 en vigor la normativa que obliga a las administraciones p\u00fablicas espa\u00f1olas a hacer sus sitios web accesibles a todos los ciudadanos\/as. Para ello, las administraciones deben aplicar las directrices\u00a0<acronym class=\"texto-zoom\" title=\"Web Accesibility Initiative\">WAI<\/acronym>\u00a0(grupo que construye los est\u00e1ndares de accesibilidad) del\u00a0<a class=\"aclink texto-zoom\" href=\"http:\/\/www.w3c.org\/\" target=\"_blank\" rel=\"noopener\" data-insuit-uuid=\"67a7ed8e-8146-43de-8ccc-2def0ef41ad6\">W3C<\/a>, que tiene como objetivo garantizar la accesibilidad de los sitios web de la Administraci\u00f3n P\u00fablica. Conforme a la norma UNE-EN 301 549:2022, se han implementado las medidas necesarias para asegurar la accesibilidad de este sitio web a todas las personas.<\/p><p>Siguiendo las directrices WAI del W3C, hemos implementado una serie de medidas t\u00e9cnicas que permiten a las personas con discapacidad visual, auditiva, motora o cognitiva acceder a nuestros contenidos sin barreras. Entre estas medidas, destacamos la posibilidad de navegar por nuestra p\u00e1gina mediante el teclado, el uso de etiquetas descriptivas para im\u00e1genes, la integraci\u00f3n de subt\u00edtulos y transcripciones en nuestros v\u00eddeos y la utilizaci\u00f3n de un alto contraste y un tama\u00f1o de fuente adaptable.<\/p><p>Esta p\u00e1gina web cumple con la normativa WCAG 2.1 en materia de accesibilidad, que establece las directrices y criterios para garantizar que el contenido web sea accesible a todas las personas, incluyendo aquellas con discapacidad.<\/p><p>Para ello, hemos seguido las pautas y t\u00e9cnicas de la WCAG 2.1 en tres niveles: A, AA y AAA. Estos niveles establecen diferentes requisitos de accesibilidad, desde los m\u00e1s b\u00e1sicos hasta los m\u00e1s avanzados, para garantizar la m\u00e1xima accesibilidad posible.<\/p><p>Electrocontrol se compromete a mejorar continuamente la accesibilidad de nuestra p\u00e1gina web y a atender cualquier sugerencia o comentario que los usuarios nos hagan al respecto. Si encuentra alg\u00fan problema de accesibilidad en nuestra p\u00e1gina, no dude en ponerse en contacto con nosotros para que podamos solucionarlo de inmediato.<\/p>\t\t\t\t\t\t<\/div>\n\t\t\t\t<\/div>\n\t\t\t\t\t<\/div>\n\t\t<\/div>\n\t\t\t\t\t<\/div>\n\t\t<\/section>\n\t\t\t\t<\/div>","protected":false},"excerpt":{"rendered":"<p>Introducci\u00f3n. En nuestra p\u00e1gina web, nos esforzamos por garantizar que todas las personas, independientemente de su situaci\u00f3n o habilidades, puedan acceder a nuestros contenidos y servicios. Creemos que la accesibilidad es un derecho fundamental y una responsabilidad \u00e9tica, y por eso hemos incorporado una serie de caracter\u00edsticas de dise\u00f1o y codificaci\u00f3n que hacen que nuestra [&hellip;]<\/p>","protected":false},"author":2,"featured_media":0,"parent":0,"menu_order":0,"comment_status":"closed","ping_status":"closed","template":"elementor_header_footer","meta":{"_monsterinsights_skip_tracking":false,"_monsterinsights_sitenote_active":false,"_monsterinsights_sitenote_note":"","_monsterinsights_sitenote_category":0,"footnotes":""},"yoast_head":"<!-- This site is optimized with the Yoast SEO plugin v22.1 - https:\/\/yoast.com\/wordpress\/plugins\/seo\/ -->\n<title>Accesibilidad - Electrocontrol<\/title>\n<meta name=\"robots\" content=\"index, nofollow, max-snippet:-1, max-image-preview:large, max-video-preview:-1\" \/>\n<link rel=\"canonical\" href=\"https:\/\/electrocontrol.es\/en\/accesibilidad\/\" \/>\n<meta property=\"og:locale\" content=\"en_US\" \/>\n<meta property=\"og:type\" content=\"article\" \/>\n<meta property=\"og:title\" content=\"Accesibilidad - Electrocontrol\" \/>\n<meta property=\"og:description\" content=\"Introducci\u00f3n. En nuestra p\u00e1gina web, nos esforzamos por garantizar que todas las personas, independientemente de su situaci\u00f3n o habilidades, puedan acceder a nuestros contenidos y servicios. Creemos que la accesibilidad es un derecho fundamental y una responsabilidad \u00e9tica, y por eso hemos incorporado una serie de caracter\u00edsticas de dise\u00f1o y codificaci\u00f3n que hacen que nuestra [&hellip;]\" \/>\n<meta property=\"og:url\" content=\"https:\/\/electrocontrol.es\/en\/accesibilidad\/\" \/>\n<meta property=\"og:site_name\" content=\"Electrocontrol\" \/>\n<meta property=\"article:modified_time\" content=\"2023-10-05T08:26:42+00:00\" \/>\n<meta name=\"twitter:card\" content=\"summary_large_image\" \/>\n<meta name=\"twitter:label1\" content=\"Est. reading time\" \/>\n\t<meta name=\"twitter:data1\" content=\"2 minutes\" \/>\n<script type=\"application\/ld+json\" class=\"yoast-schema-graph\">{\"@context\":\"https:\/\/schema.org\",\"@graph\":[{\"@type\":\"WebPage\",\"@id\":\"https:\/\/electrocontrol.es\/accesibilidad\/\",\"url\":\"https:\/\/electrocontrol.es\/accesibilidad\/\",\"name\":\"Accesibilidad - Electrocontrol\",\"isPartOf\":{\"@id\":\"https:\/\/electrocontrol.es\/en\/#website\"},\"datePublished\":\"2023-06-08T17:26:41+00:00\",\"dateModified\":\"2023-10-05T08:26:42+00:00\",\"breadcrumb\":{\"@id\":\"https:\/\/electrocontrol.es\/accesibilidad\/#breadcrumb\"},\"inLanguage\":\"en-US\",\"potentialAction\":[{\"@type\":\"ReadAction\",\"target\":[\"https:\/\/electrocontrol.es\/accesibilidad\/\"]}]},{\"@type\":\"BreadcrumbList\",\"@id\":\"https:\/\/electrocontrol.es\/accesibilidad\/#breadcrumb\",\"itemListElement\":[{\"@type\":\"ListItem\",\"position\":1,\"name\":\"Portada\",\"item\":\"https:\/\/electrocontrol.es\/\"},{\"@type\":\"ListItem\",\"position\":2,\"name\":\"Accesibilidad\"}]},{\"@type\":\"WebSite\",\"@id\":\"https:\/\/electrocontrol.es\/en\/#website\",\"url\":\"https:\/\/electrocontrol.es\/en\/\",\"name\":\"Electrocontrol\",\"description\":\"Electricidad &amp; Automatizaci\u00f3n\",\"publisher\":{\"@id\":\"https:\/\/electrocontrol.es\/en\/#organization\"},\"potentialAction\":[{\"@type\":\"SearchAction\",\"target\":{\"@type\":\"EntryPoint\",\"urlTemplate\":\"https:\/\/electrocontrol.es\/en\/?s={search_term_string}\"},\"query-input\":\"required name=search_term_string\"}],\"inLanguage\":\"en-US\"},{\"@type\":\"Organization\",\"@id\":\"https:\/\/electrocontrol.es\/en\/#organization\",\"name\":\"Electrocontrol\",\"url\":\"https:\/\/electrocontrol.es\/en\/\",\"logo\":{\"@type\":\"ImageObject\",\"inLanguage\":\"en-US\",\"@id\":\"https:\/\/electrocontrol.es\/en\/#\/schema\/logo\/image\/\",\"url\":\"https:\/\/electrocontrol.es\/wp-content\/uploads\/2023\/05\/MicrosoftTeams-image-11.png\",\"contentUrl\":\"https:\/\/electrocontrol.es\/wp-content\/uploads\/2023\/05\/MicrosoftTeams-image-11.png\",\"width\":480,\"height\":75,\"caption\":\"Electrocontrol\"},\"image\":{\"@id\":\"https:\/\/electrocontrol.es\/en\/#\/schema\/logo\/image\/\"}}]}<\/script>\n<!-- \/ Yoast SEO plugin. -->","yoast_head_json":{"title":"Accesibilidad - Electrocontrol","robots":{"index":"index","follow":"nofollow","max-snippet":"max-snippet:-1","max-image-preview":"max-image-preview:large","max-video-preview":"max-video-preview:-1"},"canonical":"https:\/\/electrocontrol.es\/en\/accesibilidad\/","og_locale":"en_US","og_type":"article","og_title":"Accesibilidad - Electrocontrol","og_description":"Introducci\u00f3n. En nuestra p\u00e1gina web, nos esforzamos por garantizar que todas las personas, independientemente de su situaci\u00f3n o habilidades, puedan acceder a nuestros contenidos y servicios. Creemos que la accesibilidad es un derecho fundamental y una responsabilidad \u00e9tica, y por eso hemos incorporado una serie de caracter\u00edsticas de dise\u00f1o y codificaci\u00f3n que hacen que nuestra [&hellip;]","og_url":"https:\/\/electrocontrol.es\/en\/accesibilidad\/","og_site_name":"Electrocontrol","article_modified_time":"2023-10-05T08:26:42+00:00","twitter_card":"summary_large_image","twitter_misc":{"Est. reading time":"2 minutes"},"schema":{"@context":"https:\/\/schema.org","@graph":[{"@type":"WebPage","@id":"https:\/\/electrocontrol.es\/accesibilidad\/","url":"https:\/\/electrocontrol.es\/accesibilidad\/","name":"Accesibilidad - Electrocontrol","isPartOf":{"@id":"https:\/\/electrocontrol.es\/en\/#website"},"datePublished":"2023-06-08T17:26:41+00:00","dateModified":"2023-10-05T08:26:42+00:00","breadcrumb":{"@id":"https:\/\/electrocontrol.es\/accesibilidad\/#breadcrumb"},"inLanguage":"en-US","potentialAction":[{"@type":"ReadAction","target":["https:\/\/electrocontrol.es\/accesibilidad\/"]}]},{"@type":"BreadcrumbList","@id":"https:\/\/electrocontrol.es\/accesibilidad\/#breadcrumb","itemListElement":[{"@type":"ListItem","position":1,"name":"Portada","item":"https:\/\/electrocontrol.es\/"},{"@type":"ListItem","position":2,"name":"Accesibilidad"}]},{"@type":"WebSite","@id":"https:\/\/electrocontrol.es\/en\/#website","url":"https:\/\/electrocontrol.es\/en\/","name":"Electrocontrol","description":"Electricidad &amp; Automatizaci\u00f3n","publisher":{"@id":"https:\/\/electrocontrol.es\/en\/#organization"},"potentialAction":[{"@type":"SearchAction","target":{"@type":"EntryPoint","urlTemplate":"https:\/\/electrocontrol.es\/en\/?s={search_term_string}"},"query-input":"required name=search_term_string"}],"inLanguage":"en-US"},{"@type":"Organization","@id":"https:\/\/electrocontrol.es\/en\/#organization","name":"Electrocontrol","url":"https:\/\/electrocontrol.es\/en\/","logo":{"@type":"ImageObject","inLanguage":"en-US","@id":"https:\/\/electrocontrol.es\/en\/#\/schema\/logo\/image\/","url":"https:\/\/electrocontrol.es\/wp-content\/uploads\/2023\/05\/MicrosoftTeams-image-11.png","contentUrl":"https:\/\/electrocontrol.es\/wp-content\/uploads\/2023\/05\/MicrosoftTeams-image-11.png","width":480,"height":75,"caption":"Electrocontrol"},"image":{"@id":"https:\/\/electrocontrol.es\/en\/#\/schema\/logo\/image\/"}}]}},"_links":{"self":[{"href":"https:\/\/electrocontrol.es\/en\/wp-json\/wp\/v2\/pages\/237"}],"collection":[{"href":"https:\/\/electrocontrol.es\/en\/wp-json\/wp\/v2\/pages"}],"about":[{"href":"https:\/\/electrocontrol.es\/en\/wp-json\/wp\/v2\/types\/page"}],"author":[{"embeddable":true,"href":"https:\/\/electrocontrol.es\/en\/wp-json\/wp\/v2\/users\/2"}],"replies":[{"embeddable":true,"href":"https:\/\/electrocontrol.es\/en\/wp-json\/wp\/v2\/comments?post=237"}],"version-history":[{"count":19,"href":"https:\/\/electrocontrol.es\/en\/wp-json\/wp\/v2\/pages\/237\/revisions"}],"predecessor-version":[{"id":1681,"href":"https:\/\/electrocontrol.es\/en\/wp-json\/wp\/v2\/pages\/237\/revisions\/1681"}],"wp:attachment":[{"href":"https:\/\/electrocontrol.es\/en\/wp-json\/wp\/v2\/media?parent=237"}],"curies":[{"name":"wp","href":"https:\/\/api.w.org\/{rel}","templated":true}]}}