{"id":232,"date":"2023-06-08T17:25:56","date_gmt":"2023-06-08T17:25:56","guid":{"rendered":"https:\/\/electrocontrol.es\/?page_id=232"},"modified":"2023-10-05T08:37:52","modified_gmt":"2023-10-05T08:37:52","slug":"politica-de-privacidad","status":"publish","type":"page","link":"https:\/\/electrocontrol.es\/en\/politica-de-privacidad\/","title":{"rendered":"Privacy policy"},"content":{"rendered":"<div data-elementor-type=\"wp-page\" data-elementor-id=\"232\" class=\"elementor elementor-232\" data-elementor-post-type=\"page\">\n\t\t\t\t\t\t<section class=\"elementor-section elementor-top-section elementor-element elementor-element-30b0edc6 elementor-section-boxed elementor-section-height-default elementor-section-height-default\" data-id=\"30b0edc6\" data-element_type=\"section\" data-settings=\"{&quot;background_background&quot;:&quot;classic&quot;}\">\n\t\t\t\t\t\t\t<div class=\"elementor-background-overlay\"><\/div>\n\t\t\t\t\t\t\t<div class=\"elementor-container elementor-column-gap-default\">\n\t\t\t\t\t<div class=\"elementor-column elementor-col-100 elementor-top-column elementor-element elementor-element-382cf75a\" data-id=\"382cf75a\" data-element_type=\"column\">\n\t\t\t<div class=\"elementor-widget-wrap elementor-element-populated\">\n\t\t\t\t\t\t<section class=\"elementor-section elementor-inner-section elementor-element elementor-element-53c0fb84 elementor-section-boxed elementor-section-height-default elementor-section-height-default elementor-invisible\" data-id=\"53c0fb84\" data-element_type=\"section\" data-settings=\"{&quot;background_background&quot;:&quot;classic&quot;,&quot;animation&quot;:&quot;fadeInUp&quot;}\">\n\t\t\t\t\t\t<div class=\"elementor-container elementor-column-gap-default\">\n\t\t\t\t\t<div class=\"elementor-column elementor-col-100 elementor-inner-column elementor-element elementor-element-5d982fad\" data-id=\"5d982fad\" data-element_type=\"column\">\n\t\t\t<div class=\"elementor-widget-wrap elementor-element-populated\">\n\t\t\t\t\t\t<div class=\"elementor-element elementor-element-7dd75e99 elementor-widget elementor-widget-heading\" data-id=\"7dd75e99\" data-element_type=\"widget\" data-widget_type=\"heading.default\">\n\t\t\t\t<div class=\"elementor-widget-container\">\n\t\t\t<style>\/*! elementor - v3.19.0 - 07-02-2024 *\/\n.elementor-heading-title{padding:0;margin:0;line-height:1}.elementor-widget-heading .elementor-heading-title[class*=elementor-size-]>a{color:inherit;font-size:inherit;line-height:inherit}.elementor-widget-heading .elementor-heading-title.elementor-size-small{font-size:15px}.elementor-widget-heading .elementor-heading-title.elementor-size-medium{font-size:19px}.elementor-widget-heading .elementor-heading-title.elementor-size-large{font-size:29px}.elementor-widget-heading .elementor-heading-title.elementor-size-xl{font-size:39px}.elementor-widget-heading .elementor-heading-title.elementor-size-xxl{font-size:59px}<\/style><h1 class=\"elementor-heading-title elementor-size-default\">Privacy policy<\/h1>\t\t<\/div>\n\t\t\t\t<\/div>\n\t\t\t\t\t<\/div>\n\t\t<\/div>\n\t\t\t\t\t<\/div>\n\t\t<\/section>\n\t\t\t\t\t<\/div>\n\t\t<\/div>\n\t\t\t\t\t<\/div>\n\t\t<\/section>\n\t\t\t\t<section class=\"elementor-section elementor-top-section elementor-element elementor-element-fe9465f elementor-section-boxed elementor-section-height-default elementor-section-height-default\" data-id=\"fe9465f\" data-element_type=\"section\">\n\t\t\t\t\t\t<div class=\"elementor-container elementor-column-gap-default\">\n\t\t\t\t\t<div class=\"elementor-column elementor-col-100 elementor-top-column elementor-element elementor-element-f31e814\" data-id=\"f31e814\" data-element_type=\"column\">\n\t\t\t<div class=\"elementor-widget-wrap elementor-element-populated\">\n\t\t\t\t\t\t<div class=\"elementor-element elementor-element-f3f529c elementor-widget elementor-widget-text-editor\" data-id=\"f3f529c\" data-element_type=\"widget\" data-widget_type=\"text-editor.default\">\n\t\t\t\t<div class=\"elementor-widget-container\">\n\t\t\t<style>\/*! elementor - v3.19.0 - 07-02-2024 *\/\n.elementor-widget-text-editor.elementor-drop-cap-view-stacked .elementor-drop-cap{background-color:#69727d;color:#fff}.elementor-widget-text-editor.elementor-drop-cap-view-framed .elementor-drop-cap{color:#69727d;border:3px solid;background-color:transparent}.elementor-widget-text-editor:not(.elementor-drop-cap-view-default) .elementor-drop-cap{margin-top:8px}.elementor-widget-text-editor:not(.elementor-drop-cap-view-default) .elementor-drop-cap-letter{width:1em;height:1em}.elementor-widget-text-editor .elementor-drop-cap{float:left;text-align:center;line-height:1;font-size:50px}.elementor-widget-text-editor .elementor-drop-cap-letter{display:inline-block}<\/style>\t\t\t\t<p>RESPONSABLE DEL TRATAMIENTO<\/p><p>&#8211;\u00a0 \u00a0 \u00a0 \u00a0 \u00a0Electrocontrol S.C<\/p><p>&#8211;\u00a0 \u00a0 \u00a0 \u00a0 \u00a0NIF: F-73726606 \u00a0<\/p><p><span class=\"\">&#8211;\u00a0 \u00a0 \u00a0 \u00a0 \u00a0Domicilio social en Pol\u00edgono industrial el descanso C\/Alemania, 30891 Puerto Lumbreras<\/span><\/p><p>&#8211;\u00a0 \u00a0 \u00a0 \u00a0 \u00a0Correo electr\u00f3nico: info@electrocontrol.es<\/p><p>&#8211;\u00a0 \u00a0 \u00a0 \u00a0 \u00a0Tel\u00e9fono de contacto 968 11 27 52<\/p><p>\u00a0<\/p><p>\u00a0<\/p><p>FINALIDADES Y LEGITIMACI\u00d3N DEL TRATAMIENTO<\/p><p>\u00a0<\/p><p>DONDE RECABAMOS LOS DATOS: Formulario de contacto<\/p><p>\u00a0DATOS TRATADOS: Nombre, e-mail, datos contenidos en su consulta.<\/p><p>\u00a0FINALIDAD Y BASE JUR\u00cdDICA: Dar una respuesta a la consulta formulada.<\/p><p>La base jur\u00eddica es el consentimiento otorgado por el usuario al realizar su consulta (Art. 6.1.a RGPD)<\/p><p><span class=\"\">\u00a0\u00a0<\/span>\u00a0<\/p><p>PLAZO DE CONSERVACI\u00d3N DE SUS DATOS PERSONALES<\/p><p>\u00a0<\/p><p>Los datos facilitados por el usuario ser\u00e1n conservados por Electrontrol S.C durante el periodo de tiempo necesario para atender su consulta, mientras persista la relaci\u00f3n comercial, mientras no se d\u00e9 de baja como usuario o mientras no revoque su consentimiento. En cualquier caso, podremos conservar sus datos personales, debidamente bloqueados, para la atenci\u00f3n de reclamaciones judiciales, administrativas o fiscales, por los plazos que legalmente determine cada normativa que resulte de aplicaci\u00f3n.<\/p><p><span class=\"\">CATEGOR\u00cdAS DE LOS DESTINATARIOS DE LOS DATOS PERSONALES<\/span><\/p><p><span class=\"\">Sus datos personales no ser\u00e1n comunicados a terceros a excepci\u00f3n de aquellos prestadores de servicios necesarias para el desarrollo de los servicios de esta web.<\/span><\/p><p>\u00a0<\/p><p>EJERCICIO DE LOS DERECHOS DEL INTERESADO<\/p><p>Una vez que, como usuario de la WEB nos ha facilitado sus datos personales, la legislaci\u00f3n vigente le permite como interesado de sus datos:<\/p><ul class=\"defaultList\"><li>Solicitar el acceso a los datos personales relativos al interesado.<\/li><li>Solicitar su rectificaci\u00f3n o supresi\u00f3n.<\/li><li>Solicitar la limitaci\u00f3n de su tratamiento.<\/li><li>Oponerse al tratamiento.\u00a0<\/li><li>Solicitar la portabilidad de los datos.<\/li><li>En su caso, revocar su consentimiento otorgado.<\/li><\/ul><p><span class=\"\">Para ejercer cualquiera de los derechos descritos, el interesado tiene que hacer llegar dicha solicitud acompa\u00f1ada de fotocopia del DNI, pasaporte u otro documento v\u00e1lido que identifique al Usuario, o en su caso, de la persona que lo represente. Para ello, deber\u00e1 enviar dicha solicitud a la siguiente direcci\u00f3n de correo: \u00a0electro@electrocontrol.info<\/span><\/p><p>Los interesados pueden dirigir sus reclamaciones ante la Agencia Espa\u00f1ola de Protecci\u00f3n de Datos.<\/p><p>CAMBIOS EN LA POL\u00cdTICA DE PRIVACIDAD<\/p><p>La web se reserva el derecho a modificar la presente pol\u00edtica para adaptarla a novedades legislativas o jurisprudenciales, as\u00ed como a pr\u00e1cticas de la industria. En dichos supuestos, el Prestador anunciar\u00e1 en esta p\u00e1gina los cambios introducidos con razonable antelaci\u00f3n a su puesta en pr\u00e1ctica.<\/p>\t\t\t\t\t\t<\/div>\n\t\t\t\t<\/div>\n\t\t\t\t\t<\/div>\n\t\t<\/div>\n\t\t\t\t\t<\/div>\n\t\t<\/section>\n\t\t\t\t<\/div>","protected":false},"excerpt":{"rendered":"<p>RESPONSABLE DEL TRATAMIENTO &#8211;\u00a0 \u00a0 \u00a0 \u00a0 \u00a0Electrocontrol S.C &#8211;\u00a0 \u00a0 \u00a0 \u00a0 \u00a0NIF: F-73726606 &#8211;\u00a0 \u00a0 \u00a0 \u00a0 \u00a0Domicilio social en Pol\u00edgono industrial el descanso C\/Alemania, 30891 Puerto Lumbreras &#8211;\u00a0 \u00a0 \u00a0 \u00a0 \u00a0Correo electr\u00f3nico: info@electrocontrol.es &#8211;\u00a0 \u00a0 \u00a0 \u00a0 \u00a0Tel\u00e9fono de contacto 968 11 27 52 FINALIDADES Y LEGITIMACI\u00d3N DEL TRATAMIENTO DONDE RECABAMOS [&hellip;]<\/p>","protected":false},"author":2,"featured_media":0,"parent":0,"menu_order":0,"comment_status":"closed","ping_status":"closed","template":"elementor_header_footer","meta":{"_monsterinsights_skip_tracking":false,"_monsterinsights_sitenote_active":false,"_monsterinsights_sitenote_note":"","_monsterinsights_sitenote_category":0,"footnotes":""},"yoast_head":"<!-- This site is optimized with the Yoast SEO plugin v22.1 - https:\/\/yoast.com\/wordpress\/plugins\/seo\/ -->\n<title>Pol\u00edtica de Privacidad - Electrocontrol<\/title>\n<meta name=\"robots\" content=\"index, nofollow, max-snippet:-1, max-image-preview:large, max-video-preview:-1\" \/>\n<link rel=\"canonical\" href=\"https:\/\/electrocontrol.es\/en\/politica-de-privacidad\/\" \/>\n<meta property=\"og:locale\" content=\"en_US\" \/>\n<meta property=\"og:type\" content=\"article\" \/>\n<meta property=\"og:title\" content=\"Pol\u00edtica de Privacidad - Electrocontrol\" \/>\n<meta property=\"og:description\" content=\"RESPONSABLE DEL TRATAMIENTO &#8211;\u00a0 \u00a0 \u00a0 \u00a0 \u00a0Electrocontrol S.C &#8211;\u00a0 \u00a0 \u00a0 \u00a0 \u00a0NIF: F-73726606 &#8211;\u00a0 \u00a0 \u00a0 \u00a0 \u00a0Domicilio social en Pol\u00edgono industrial el descanso C\/Alemania, 30891 Puerto Lumbreras &#8211;\u00a0 \u00a0 \u00a0 \u00a0 \u00a0Correo electr\u00f3nico: info@electrocontrol.es &#8211;\u00a0 \u00a0 \u00a0 \u00a0 \u00a0Tel\u00e9fono de contacto 968 11 27 52 FINALIDADES Y LEGITIMACI\u00d3N DEL TRATAMIENTO DONDE RECABAMOS [&hellip;]\" \/>\n<meta property=\"og:url\" content=\"https:\/\/electrocontrol.es\/en\/politica-de-privacidad\/\" \/>\n<meta property=\"og:site_name\" content=\"Electrocontrol\" \/>\n<meta property=\"article:modified_time\" content=\"2023-10-05T08:37:52+00:00\" \/>\n<meta name=\"twitter:card\" content=\"summary_large_image\" \/>\n<meta name=\"twitter:label1\" content=\"Est. reading time\" \/>\n\t<meta name=\"twitter:data1\" content=\"2 minutes\" \/>\n<script type=\"application\/ld+json\" class=\"yoast-schema-graph\">{\"@context\":\"https:\/\/schema.org\",\"@graph\":[{\"@type\":\"WebPage\",\"@id\":\"https:\/\/electrocontrol.es\/politica-de-privacidad\/\",\"url\":\"https:\/\/electrocontrol.es\/politica-de-privacidad\/\",\"name\":\"Pol\u00edtica de Privacidad - Electrocontrol\",\"isPartOf\":{\"@id\":\"https:\/\/electrocontrol.es\/en\/#website\"},\"datePublished\":\"2023-06-08T17:25:56+00:00\",\"dateModified\":\"2023-10-05T08:37:52+00:00\",\"breadcrumb\":{\"@id\":\"https:\/\/electrocontrol.es\/politica-de-privacidad\/#breadcrumb\"},\"inLanguage\":\"en-US\",\"potentialAction\":[{\"@type\":\"ReadAction\",\"target\":[\"https:\/\/electrocontrol.es\/politica-de-privacidad\/\"]}]},{\"@type\":\"BreadcrumbList\",\"@id\":\"https:\/\/electrocontrol.es\/politica-de-privacidad\/#breadcrumb\",\"itemListElement\":[{\"@type\":\"ListItem\",\"position\":1,\"name\":\"Portada\",\"item\":\"https:\/\/electrocontrol.es\/\"},{\"@type\":\"ListItem\",\"position\":2,\"name\":\"Pol\u00edtica de Privacidad\"}]},{\"@type\":\"WebSite\",\"@id\":\"https:\/\/electrocontrol.es\/en\/#website\",\"url\":\"https:\/\/electrocontrol.es\/en\/\",\"name\":\"Electrocontrol\",\"description\":\"Electricidad &amp; Automatizaci\u00f3n\",\"publisher\":{\"@id\":\"https:\/\/electrocontrol.es\/en\/#organization\"},\"potentialAction\":[{\"@type\":\"SearchAction\",\"target\":{\"@type\":\"EntryPoint\",\"urlTemplate\":\"https:\/\/electrocontrol.es\/en\/?s={search_term_string}\"},\"query-input\":\"required name=search_term_string\"}],\"inLanguage\":\"en-US\"},{\"@type\":\"Organization\",\"@id\":\"https:\/\/electrocontrol.es\/en\/#organization\",\"name\":\"Electrocontrol\",\"url\":\"https:\/\/electrocontrol.es\/en\/\",\"logo\":{\"@type\":\"ImageObject\",\"inLanguage\":\"en-US\",\"@id\":\"https:\/\/electrocontrol.es\/en\/#\/schema\/logo\/image\/\",\"url\":\"https:\/\/electrocontrol.es\/wp-content\/uploads\/2023\/05\/MicrosoftTeams-image-11.png\",\"contentUrl\":\"https:\/\/electrocontrol.es\/wp-content\/uploads\/2023\/05\/MicrosoftTeams-image-11.png\",\"width\":480,\"height\":75,\"caption\":\"Electrocontrol\"},\"image\":{\"@id\":\"https:\/\/electrocontrol.es\/en\/#\/schema\/logo\/image\/\"}}]}<\/script>\n<!-- \/ Yoast SEO plugin. -->","yoast_head_json":{"title":"Pol\u00edtica de Privacidad - Electrocontrol","robots":{"index":"index","follow":"nofollow","max-snippet":"max-snippet:-1","max-image-preview":"max-image-preview:large","max-video-preview":"max-video-preview:-1"},"canonical":"https:\/\/electrocontrol.es\/en\/politica-de-privacidad\/","og_locale":"en_US","og_type":"article","og_title":"Pol\u00edtica de Privacidad - Electrocontrol","og_description":"RESPONSABLE DEL TRATAMIENTO &#8211;\u00a0 \u00a0 \u00a0 \u00a0 \u00a0Electrocontrol S.C &#8211;\u00a0 \u00a0 \u00a0 \u00a0 \u00a0NIF: F-73726606 &#8211;\u00a0 \u00a0 \u00a0 \u00a0 \u00a0Domicilio social en Pol\u00edgono industrial el descanso C\/Alemania, 30891 Puerto Lumbreras &#8211;\u00a0 \u00a0 \u00a0 \u00a0 \u00a0Correo electr\u00f3nico: info@electrocontrol.es &#8211;\u00a0 \u00a0 \u00a0 \u00a0 \u00a0Tel\u00e9fono de contacto 968 11 27 52 FINALIDADES Y LEGITIMACI\u00d3N DEL TRATAMIENTO DONDE RECABAMOS [&hellip;]","og_url":"https:\/\/electrocontrol.es\/en\/politica-de-privacidad\/","og_site_name":"Electrocontrol","article_modified_time":"2023-10-05T08:37:52+00:00","twitter_card":"summary_large_image","twitter_misc":{"Est. reading time":"2 minutes"},"schema":{"@context":"https:\/\/schema.org","@graph":[{"@type":"WebPage","@id":"https:\/\/electrocontrol.es\/politica-de-privacidad\/","url":"https:\/\/electrocontrol.es\/politica-de-privacidad\/","name":"Pol\u00edtica de Privacidad - Electrocontrol","isPartOf":{"@id":"https:\/\/electrocontrol.es\/en\/#website"},"datePublished":"2023-06-08T17:25:56+00:00","dateModified":"2023-10-05T08:37:52+00:00","breadcrumb":{"@id":"https:\/\/electrocontrol.es\/politica-de-privacidad\/#breadcrumb"},"inLanguage":"en-US","potentialAction":[{"@type":"ReadAction","target":["https:\/\/electrocontrol.es\/politica-de-privacidad\/"]}]},{"@type":"BreadcrumbList","@id":"https:\/\/electrocontrol.es\/politica-de-privacidad\/#breadcrumb","itemListElement":[{"@type":"ListItem","position":1,"name":"Portada","item":"https:\/\/electrocontrol.es\/"},{"@type":"ListItem","position":2,"name":"Pol\u00edtica de Privacidad"}]},{"@type":"WebSite","@id":"https:\/\/electrocontrol.es\/en\/#website","url":"https:\/\/electrocontrol.es\/en\/","name":"Electrocontrol","description":"Electricidad &amp; Automatizaci\u00f3n","publisher":{"@id":"https:\/\/electrocontrol.es\/en\/#organization"},"potentialAction":[{"@type":"SearchAction","target":{"@type":"EntryPoint","urlTemplate":"https:\/\/electrocontrol.es\/en\/?s={search_term_string}"},"query-input":"required name=search_term_string"}],"inLanguage":"en-US"},{"@type":"Organization","@id":"https:\/\/electrocontrol.es\/en\/#organization","name":"Electrocontrol","url":"https:\/\/electrocontrol.es\/en\/","logo":{"@type":"ImageObject","inLanguage":"en-US","@id":"https:\/\/electrocontrol.es\/en\/#\/schema\/logo\/image\/","url":"https:\/\/electrocontrol.es\/wp-content\/uploads\/2023\/05\/MicrosoftTeams-image-11.png","contentUrl":"https:\/\/electrocontrol.es\/wp-content\/uploads\/2023\/05\/MicrosoftTeams-image-11.png","width":480,"height":75,"caption":"Electrocontrol"},"image":{"@id":"https:\/\/electrocontrol.es\/en\/#\/schema\/logo\/image\/"}}]}},"_links":{"self":[{"href":"https:\/\/electrocontrol.es\/en\/wp-json\/wp\/v2\/pages\/232"}],"collection":[{"href":"https:\/\/electrocontrol.es\/en\/wp-json\/wp\/v2\/pages"}],"about":[{"href":"https:\/\/electrocontrol.es\/en\/wp-json\/wp\/v2\/types\/page"}],"author":[{"embeddable":true,"href":"https:\/\/electrocontrol.es\/en\/wp-json\/wp\/v2\/users\/2"}],"replies":[{"embeddable":true,"href":"https:\/\/electrocontrol.es\/en\/wp-json\/wp\/v2\/comments?post=232"}],"version-history":[{"count":9,"href":"https:\/\/electrocontrol.es\/en\/wp-json\/wp\/v2\/pages\/232\/revisions"}],"predecessor-version":[{"id":1679,"href":"https:\/\/electrocontrol.es\/en\/wp-json\/wp\/v2\/pages\/232\/revisions\/1679"}],"wp:attachment":[{"href":"https:\/\/electrocontrol.es\/en\/wp-json\/wp\/v2\/media?parent=232"}],"curies":[{"name":"wp","href":"https:\/\/api.w.org\/{rel}","templated":true}]}}