{"id":223,"date":"2023-06-08T17:21:30","date_gmt":"2023-06-08T17:21:30","guid":{"rendered":"https:\/\/electrocontrol.es\/?page_id=223"},"modified":"2024-04-15T07:44:07","modified_gmt":"2024-04-15T07:44:07","slug":"aviso-legal","status":"publish","type":"page","link":"https:\/\/electrocontrol.es\/en\/aviso-legal\/","title":{"rendered":"Legal Notice"},"content":{"rendered":"<div data-elementor-type=\"wp-page\" data-elementor-id=\"223\" class=\"elementor elementor-223\" data-elementor-post-type=\"page\">\n\t\t\t\t\t\t<section class=\"elementor-section elementor-top-section elementor-element elementor-element-30b0edc6 elementor-section-boxed elementor-section-height-default elementor-section-height-default\" data-id=\"30b0edc6\" data-element_type=\"section\" data-settings=\"{&quot;background_background&quot;:&quot;classic&quot;}\">\n\t\t\t\t\t\t\t<div class=\"elementor-background-overlay\"><\/div>\n\t\t\t\t\t\t\t<div class=\"elementor-container elementor-column-gap-default\">\n\t\t\t\t\t<div class=\"elementor-column elementor-col-100 elementor-top-column elementor-element elementor-element-382cf75a\" data-id=\"382cf75a\" data-element_type=\"column\">\n\t\t\t<div class=\"elementor-widget-wrap elementor-element-populated\">\n\t\t\t\t\t\t<section class=\"elementor-section elementor-inner-section elementor-element elementor-element-53c0fb84 elementor-section-boxed elementor-section-height-default elementor-section-height-default elementor-invisible\" data-id=\"53c0fb84\" data-element_type=\"section\" data-settings=\"{&quot;background_background&quot;:&quot;classic&quot;,&quot;animation&quot;:&quot;fadeInUp&quot;}\">\n\t\t\t\t\t\t<div class=\"elementor-container elementor-column-gap-default\">\n\t\t\t\t\t<div class=\"elementor-column elementor-col-100 elementor-inner-column elementor-element elementor-element-5d982fad\" data-id=\"5d982fad\" data-element_type=\"column\">\n\t\t\t<div class=\"elementor-widget-wrap elementor-element-populated\">\n\t\t\t\t\t\t<div class=\"elementor-element elementor-element-7dd75e99 elementor-widget elementor-widget-heading\" data-id=\"7dd75e99\" data-element_type=\"widget\" data-widget_type=\"heading.default\">\n\t\t\t\t<div class=\"elementor-widget-container\">\n\t\t\t<style>\/*! elementor - v3.19.0 - 07-02-2024 *\/\n.elementor-heading-title{padding:0;margin:0;line-height:1}.elementor-widget-heading .elementor-heading-title[class*=elementor-size-]>a{color:inherit;font-size:inherit;line-height:inherit}.elementor-widget-heading .elementor-heading-title.elementor-size-small{font-size:15px}.elementor-widget-heading .elementor-heading-title.elementor-size-medium{font-size:19px}.elementor-widget-heading .elementor-heading-title.elementor-size-large{font-size:29px}.elementor-widget-heading .elementor-heading-title.elementor-size-xl{font-size:39px}.elementor-widget-heading .elementor-heading-title.elementor-size-xxl{font-size:59px}<\/style><h1 class=\"elementor-heading-title elementor-size-default\">Legal Notice<\/h1>\t\t<\/div>\n\t\t\t\t<\/div>\n\t\t\t\t\t<\/div>\n\t\t<\/div>\n\t\t\t\t\t<\/div>\n\t\t<\/section>\n\t\t\t\t\t<\/div>\n\t\t<\/div>\n\t\t\t\t\t<\/div>\n\t\t<\/section>\n\t\t\t\t<section class=\"elementor-section elementor-top-section elementor-element elementor-element-fe9465f elementor-section-boxed elementor-section-height-default elementor-section-height-default\" data-id=\"fe9465f\" data-element_type=\"section\">\n\t\t\t\t\t\t<div class=\"elementor-container elementor-column-gap-default\">\n\t\t\t\t\t<div class=\"elementor-column elementor-col-100 elementor-top-column elementor-element elementor-element-f31e814\" data-id=\"f31e814\" data-element_type=\"column\">\n\t\t\t<div class=\"elementor-widget-wrap elementor-element-populated\">\n\t\t\t\t\t\t<div class=\"elementor-element elementor-element-f3f529c elementor-widget elementor-widget-text-editor\" data-id=\"f3f529c\" data-element_type=\"widget\" data-widget_type=\"text-editor.default\">\n\t\t\t\t<div class=\"elementor-widget-container\">\n\t\t\t<style>\/*! elementor - v3.19.0 - 07-02-2024 *\/\n.elementor-widget-text-editor.elementor-drop-cap-view-stacked .elementor-drop-cap{background-color:#69727d;color:#fff}.elementor-widget-text-editor.elementor-drop-cap-view-framed .elementor-drop-cap{color:#69727d;border:3px solid;background-color:transparent}.elementor-widget-text-editor:not(.elementor-drop-cap-view-default) .elementor-drop-cap{margin-top:8px}.elementor-widget-text-editor:not(.elementor-drop-cap-view-default) .elementor-drop-cap-letter{width:1em;height:1em}.elementor-widget-text-editor .elementor-drop-cap{float:left;text-align:center;line-height:1;font-size:50px}.elementor-widget-text-editor .elementor-drop-cap-letter{display:inline-block}<\/style>\t\t\t\t<div>1. Identificaci\u00f3n del titular y objeto<\/div><div>\u00a0<\/div><div>&#8211; Titular de la web www.electrocontrol.es, en adelante el \u201csitio web\u201d: Electrocontrol S.C.<\/div><div>&#8211; NIF: F-73726606\u00a0<\/div><div>&#8211; Domicilio social: Pol\u00edgono industrial el descanso C\/Alemania, 30891 Puerto Lumbreras<\/div><div>\u00a0<\/div><div>Podr\u00e1 ponerse en contacto con nosotros a trav\u00e9s del correo electr\u00f3nico es electro@electrocontrol.info o mediante el siguiente n\u00famero de tel\u00e9fono 968 11 27 52<\/div><div>\u00a0<\/div><div>Las presentes condiciones regulan el acceso y navegaci\u00f3n de los usuarios a trav\u00e9s del presente sitio web. Mediante su visita, usted acepta estas condiciones. El titular podr\u00e1 modificar en cualquier momento el contenido y finalidad de este sitio web, as\u00ed como de las condiciones.<\/div><div>\u00a0<\/div><div>Un usuario se considera a la persona que visita nuestro sitio web, y por lo tanto, acepta las presentes condiciones.<\/div><div>\u00a0<\/div><div>Adicionalmente, proporcionamos informaci\u00f3n sobre los derechos y obligaciones de los usuarios en relaci\u00f3n con la navegaci\u00f3n a trav\u00e9s de nuestro sitio web, as\u00ed como las responsabilidades que pudieran derivarse.<\/div><div>\u00a0<\/div><div>2. Reglas de uso del sitio web<\/div><div>\u00a0<\/div><div>El usuario se compromete a no utilizar el sitio web o sus contenidos con fines ilegales o no autorizados, y hacer un uso conforme las presentes condiciones generales, siendo las consecuencias de su actuaci\u00f3n de su exclusiva responsabilidad.<\/div><div>\u00a0<\/div><div>Esta responsabilidad se extiende a la informaci\u00f3n aportada por el usuario en cualquier momento, y en especial, en el momento de llevar a cabo, si fuera necesario, el registro en el sitio web. En el caso de que se le proporcione una contrase\u00f1a de acceso, el usuario ser\u00e1 responsable de su uso diligente y confidencial.<\/div><div>\u00a0<\/div><div>3. Propiedad intelectual e industrial<\/div><div>\u00a0<\/div><div>Electrocontrol S.C es titular de todos los derechos de propiedad intelectual e industrial de esta p\u00e1gina web (y contenidos publicados en sus redes sociales), o en su caso, cuenta con las licencias correspondientes sobre los derechos de explotaci\u00f3n de propiedad intelectual e industrial del sitio web, as\u00ed como de los elementos contenidos en la misma (a t\u00edtulo enunciativo: im\u00e1genes, textos, marcas o logotipos, combinaciones de colores, estructura y dise\u00f1o, etc.).\u00a0<\/div><div>\u00a0<\/div><div>Quedan reservados todos los derechos de propiedad intelectual e industrial sobre los contenidos del sitio web y, en particular, queda prohibido modificar, copiar, reproducir, comunicar p\u00fablicamente, transformar o distribuir, por cualquier medio y bajo cualquier forma, la totalidad o parte de los contenidos incluidos en el sitio web.<\/div><div>\u00a0<\/div><div>El usuario respetar\u00e1 los derechos de propiedad intelectual e industrial, pudiendo \u00fanicamente utilizar los contenidos del sitio web dentro de un \u00e1mbito dom\u00e9stico y nunca con fines p\u00fablicos o comerciales, sin la autorizaci\u00f3n expresa y por escrito de Electrocontrol S.C.\u00a0<\/div><div>\u00a0<\/div><div>4. Enlaces<\/div><div>\u00a0<\/div><div>La presencia de enlaces de terceros en el sitio web no constituye actividad publicitaria o recomendaci\u00f3n para la utilizaci\u00f3n del sitio web del tercero, o la posible contrataci\u00f3n de servicios o productos que se ofrezcan en el destino.<\/div><div>\u00a0<\/div><div>El titular no asume ning\u00fan tipo de responsabilidad relacionada con el contenido, pr\u00e1cticas o disponibilidad de los sitios webs terceros.<\/div><div>\u00a0<\/div><div>El titular podr\u00eda poner a disposici\u00f3n de los usuarios enlaces a sus perfiles de redes sociales. El titular no mantiene ning\u00fan tipo de relaci\u00f3n con estas plataformas y no comparte informaci\u00f3n privada con ellos sobre sus usuarios. El acceso a estas redes sociales a trav\u00e9s del sitio web podr\u00eda implicar la autenticaci\u00f3n del usuario en dicha red social, no controlando por lo tanto Electrocontrol S.C este entorno.<\/div><div>\u00a0<\/div><div>5. Redes sociales<\/div><div>\u00a0<\/div><div>El usuario se compromete a no utilizar los perfiles en redes sociales de Electrocontrol S.C, as\u00ed como los contenidos en estos publicados con fines ilegales o no autorizados, respetando los establecido en las presentes condiciones y en la propia plataforma de la red social, siendo las consecuencias de su actuaci\u00f3n de su exclusiva responsabilidad.<\/div><div>\u00a0<\/div><div>En particular, el titular no ser\u00e1 responsable de cualquier contenido o material no publicado directamente por \u00e9l, y en la medida de lo posible, tan pronto como tenga conocimiento de un contenido contrario a la normativa vigente, se compromete a retirarlo a la mayor brevedad posible.<\/div><div>\u00a0<\/div><div>6. Confidencialidad y protecci\u00f3n de datos personales<\/div><div>\u00a0<\/div><div>El titular tratar\u00e1 los datos personales que nos facilite a trav\u00e9s de su navegaci\u00f3n a trav\u00e9s del sitio web, de conformidad con la normativa vigente en materia de protecci\u00f3n de datos. Para m\u00e1s informaci\u00f3n, consulte la pol\u00edtica de privacidad.<\/div><div>\u00a0<\/div><div>El titular utiliza cookies en el presente sitio web. Para m\u00e1s informaci\u00f3n, consulte la pol\u00edtica de cookies.<\/div><div>\u00a0<\/div><div>7. Responsabilidad<\/div><div>\u00a0<\/div><div>El titular se exime de cualquier tipo de responsabilidad derivada de cualquier da\u00f1o que pudiera sufrir el usuario, o en consecuencia cualquier tercero, producido por el acceso y utilizaci\u00f3n del sitio web, por la imposibilidad de acceso, por confiar en la informaci\u00f3n facilitada en el mismo o al acceder a terceras p\u00e1ginas objeto de reenv\u00edo.\u00a0<\/div><div>\u00a0<\/div><div>El titular no ser\u00e1 responsable de los da\u00f1os producidos por cualquiera que infrinja las presentes condiciones o los sistemas de seguridad del sitio web.<\/div><div>\u00a0<\/div><div>El titular no ser\u00e1 responsable de los contenidos publicados o almacenados en cualquier medio puesto a disposici\u00f3n del usuario en el sitio web. No obstante, tan pronto como tenga conocimiento de un contenido contrario a la normativa vigente, se compromete a retirarlo a la mayor brevedad posible.<\/div><div>\u00a0<\/div><div>El titular no ser\u00e1 responsable de los posibles errores en la p\u00e1gina web, de virus y\/o otros componentes da\u00f1inos y de las circunstancias de fuerza mayor que influyan en la continuidad del sitio web o puedan causar da\u00f1os a los usuarios.<\/div><div>\u00a0<\/div><div>En cualquier caso, Electrocontrol S.C\u00a0 ha realizado todos los esfuerzos necesarios por mantener el sitio web actualizado, con una informaci\u00f3n fiable y de calidad, as\u00ed como seguro y en continuo funcionamiento, adoptando todas las medidas necesarias desde el punto de vista jur\u00eddico-organizativo y t\u00e9cnico.<\/div><div>\u00a0<\/div><div>En caso de que el usuario considere que existe en el sitio web alg\u00fan contenido que pudiera ser contrario a la legalidad, o tenga sospechas del incumplimiento de alguno de los puntos de estas condiciones, le regamos que lo notifique de forma inmediata mediante las v\u00edas de contacto establecidas.<\/div><div>\u00a0<\/div><div>8. Ley aplicable y jurisdicci\u00f3n<\/div><div>\u00a0<\/div><div>Para la resoluci\u00f3n de cualquier cuesti\u00f3n litigiosa relacionada con el presente sitio web, ser\u00e1 de aplicaci\u00f3n la legislaci\u00f3n espa\u00f1ola vigente en el momento del litigio, a la que se someten expresamente las partes, siendo competentes para la resoluci\u00f3n de todos los conflictos derivados o relacionados con su uso los Juzgados y Tribunales competentes.<\/div><div>\u00a0<\/div><div>9. Suspensi\u00f3n del sitio web<\/div><div>\u00a0<\/div><div>Electrocontrol S.C podr\u00e1 en cualquier momento suspender el funcionamiento de su sitio web, con o sin previa notificaci\u00f3n, y sin que el usuario tenga posibilidad de exigir indemnizaci\u00f3n alguna por esta causa.<\/div><div>\u00a0<\/div><div>\u00a0<\/div><div>\u00daltima actualizaci\u00f3n: 01\/11\/2020\u00a0<\/div>\t\t\t\t\t\t<\/div>\n\t\t\t\t<\/div>\n\t\t\t\t\t<\/div>\n\t\t<\/div>\n\t\t\t\t\t<\/div>\n\t\t<\/section>\n\t\t\t\t<\/div>","protected":false},"excerpt":{"rendered":"<p>1. Identificaci\u00f3n del titular y objeto\u00a0&#8211; Titular de la web www.electrocontrol.es, en adelante el \u201csitio web\u201d: Electrocontrol S.C.- NIF: F-73726606\u00a0&#8211; Domicilio social: Pol\u00edgono industrial el descanso C\/Alemania, 30891 Puerto Lumbreras\u00a0Podr\u00e1 ponerse en contacto con nosotros a trav\u00e9s del correo electr\u00f3nico es electro@electrocontrol.info o mediante el siguiente n\u00famero de tel\u00e9fono 968 11 27 52\u00a0Las presentes condiciones [&hellip;]<\/p>","protected":false},"author":2,"featured_media":0,"parent":0,"menu_order":0,"comment_status":"closed","ping_status":"closed","template":"elementor_header_footer","meta":{"_monsterinsights_skip_tracking":false,"_monsterinsights_sitenote_active":false,"_monsterinsights_sitenote_note":"","_monsterinsights_sitenote_category":0,"footnotes":""},"yoast_head":"<!-- This site is optimized with the Yoast SEO plugin v22.1 - https:\/\/yoast.com\/wordpress\/plugins\/seo\/ -->\n<title>Aviso Legal - Electrocontrol<\/title>\n<meta name=\"robots\" content=\"noindex, nofollow\" \/>\n<meta property=\"og:locale\" content=\"en_US\" \/>\n<meta property=\"og:type\" content=\"article\" \/>\n<meta property=\"og:title\" content=\"Aviso Legal - Electrocontrol\" \/>\n<meta property=\"og:description\" content=\"1. Identificaci\u00f3n del titular y objeto\u00a0&#8211; Titular de la web www.electrocontrol.es, en adelante el \u201csitio web\u201d: Electrocontrol S.C.- NIF: F-73726606\u00a0&#8211; Domicilio social: Pol\u00edgono industrial el descanso C\/Alemania, 30891 Puerto Lumbreras\u00a0Podr\u00e1 ponerse en contacto con nosotros a trav\u00e9s del correo electr\u00f3nico es electro@electrocontrol.info o mediante el siguiente n\u00famero de tel\u00e9fono 968 11 27 52\u00a0Las presentes condiciones [&hellip;]\" \/>\n<meta property=\"og:url\" content=\"https:\/\/electrocontrol.es\/en\/aviso-legal\/\" \/>\n<meta property=\"og:site_name\" content=\"Electrocontrol\" \/>\n<meta property=\"article:modified_time\" content=\"2024-04-15T07:44:07+00:00\" \/>\n<meta name=\"twitter:card\" content=\"summary_large_image\" \/>\n<meta name=\"twitter:label1\" content=\"Est. reading time\" \/>\n\t<meta name=\"twitter:data1\" content=\"5 minutes\" \/>\n<script type=\"application\/ld+json\" class=\"yoast-schema-graph\">{\"@context\":\"https:\/\/schema.org\",\"@graph\":[{\"@type\":\"WebPage\",\"@id\":\"https:\/\/electrocontrol.es\/aviso-legal\/\",\"url\":\"https:\/\/electrocontrol.es\/aviso-legal\/\",\"name\":\"Aviso Legal - Electrocontrol\",\"isPartOf\":{\"@id\":\"https:\/\/electrocontrol.es\/en\/#website\"},\"datePublished\":\"2023-06-08T17:21:30+00:00\",\"dateModified\":\"2024-04-15T07:44:07+00:00\",\"breadcrumb\":{\"@id\":\"https:\/\/electrocontrol.es\/aviso-legal\/#breadcrumb\"},\"inLanguage\":\"en-US\",\"potentialAction\":[{\"@type\":\"ReadAction\",\"target\":[\"https:\/\/electrocontrol.es\/aviso-legal\/\"]}]},{\"@type\":\"BreadcrumbList\",\"@id\":\"https:\/\/electrocontrol.es\/aviso-legal\/#breadcrumb\",\"itemListElement\":[{\"@type\":\"ListItem\",\"position\":1,\"name\":\"Portada\",\"item\":\"https:\/\/electrocontrol.es\/\"},{\"@type\":\"ListItem\",\"position\":2,\"name\":\"Aviso Legal\"}]},{\"@type\":\"WebSite\",\"@id\":\"https:\/\/electrocontrol.es\/en\/#website\",\"url\":\"https:\/\/electrocontrol.es\/en\/\",\"name\":\"Electrocontrol\",\"description\":\"Electricidad &amp; Automatizaci\u00f3n\",\"publisher\":{\"@id\":\"https:\/\/electrocontrol.es\/en\/#organization\"},\"potentialAction\":[{\"@type\":\"SearchAction\",\"target\":{\"@type\":\"EntryPoint\",\"urlTemplate\":\"https:\/\/electrocontrol.es\/en\/?s={search_term_string}\"},\"query-input\":\"required name=search_term_string\"}],\"inLanguage\":\"en-US\"},{\"@type\":\"Organization\",\"@id\":\"https:\/\/electrocontrol.es\/en\/#organization\",\"name\":\"Electrocontrol\",\"url\":\"https:\/\/electrocontrol.es\/en\/\",\"logo\":{\"@type\":\"ImageObject\",\"inLanguage\":\"en-US\",\"@id\":\"https:\/\/electrocontrol.es\/en\/#\/schema\/logo\/image\/\",\"url\":\"https:\/\/electrocontrol.es\/wp-content\/uploads\/2023\/05\/MicrosoftTeams-image-11.png\",\"contentUrl\":\"https:\/\/electrocontrol.es\/wp-content\/uploads\/2023\/05\/MicrosoftTeams-image-11.png\",\"width\":480,\"height\":75,\"caption\":\"Electrocontrol\"},\"image\":{\"@id\":\"https:\/\/electrocontrol.es\/en\/#\/schema\/logo\/image\/\"}}]}<\/script>\n<!-- \/ Yoast SEO plugin. -->","yoast_head_json":{"title":"Aviso Legal - Electrocontrol","robots":{"index":"noindex","follow":"nofollow"},"og_locale":"en_US","og_type":"article","og_title":"Aviso Legal - Electrocontrol","og_description":"1. Identificaci\u00f3n del titular y objeto\u00a0&#8211; Titular de la web www.electrocontrol.es, en adelante el \u201csitio web\u201d: Electrocontrol S.C.- NIF: F-73726606\u00a0&#8211; Domicilio social: Pol\u00edgono industrial el descanso C\/Alemania, 30891 Puerto Lumbreras\u00a0Podr\u00e1 ponerse en contacto con nosotros a trav\u00e9s del correo electr\u00f3nico es electro@electrocontrol.info o mediante el siguiente n\u00famero de tel\u00e9fono 968 11 27 52\u00a0Las presentes condiciones [&hellip;]","og_url":"https:\/\/electrocontrol.es\/en\/aviso-legal\/","og_site_name":"Electrocontrol","article_modified_time":"2024-04-15T07:44:07+00:00","twitter_card":"summary_large_image","twitter_misc":{"Est. reading time":"5 minutes"},"schema":{"@context":"https:\/\/schema.org","@graph":[{"@type":"WebPage","@id":"https:\/\/electrocontrol.es\/aviso-legal\/","url":"https:\/\/electrocontrol.es\/aviso-legal\/","name":"Aviso Legal - Electrocontrol","isPartOf":{"@id":"https:\/\/electrocontrol.es\/en\/#website"},"datePublished":"2023-06-08T17:21:30+00:00","dateModified":"2024-04-15T07:44:07+00:00","breadcrumb":{"@id":"https:\/\/electrocontrol.es\/aviso-legal\/#breadcrumb"},"inLanguage":"en-US","potentialAction":[{"@type":"ReadAction","target":["https:\/\/electrocontrol.es\/aviso-legal\/"]}]},{"@type":"BreadcrumbList","@id":"https:\/\/electrocontrol.es\/aviso-legal\/#breadcrumb","itemListElement":[{"@type":"ListItem","position":1,"name":"Portada","item":"https:\/\/electrocontrol.es\/"},{"@type":"ListItem","position":2,"name":"Aviso Legal"}]},{"@type":"WebSite","@id":"https:\/\/electrocontrol.es\/en\/#website","url":"https:\/\/electrocontrol.es\/en\/","name":"Electrocontrol","description":"Electricidad &amp; Automatizaci\u00f3n","publisher":{"@id":"https:\/\/electrocontrol.es\/en\/#organization"},"potentialAction":[{"@type":"SearchAction","target":{"@type":"EntryPoint","urlTemplate":"https:\/\/electrocontrol.es\/en\/?s={search_term_string}"},"query-input":"required name=search_term_string"}],"inLanguage":"en-US"},{"@type":"Organization","@id":"https:\/\/electrocontrol.es\/en\/#organization","name":"Electrocontrol","url":"https:\/\/electrocontrol.es\/en\/","logo":{"@type":"ImageObject","inLanguage":"en-US","@id":"https:\/\/electrocontrol.es\/en\/#\/schema\/logo\/image\/","url":"https:\/\/electrocontrol.es\/wp-content\/uploads\/2023\/05\/MicrosoftTeams-image-11.png","contentUrl":"https:\/\/electrocontrol.es\/wp-content\/uploads\/2023\/05\/MicrosoftTeams-image-11.png","width":480,"height":75,"caption":"Electrocontrol"},"image":{"@id":"https:\/\/electrocontrol.es\/en\/#\/schema\/logo\/image\/"}}]}},"_links":{"self":[{"href":"https:\/\/electrocontrol.es\/en\/wp-json\/wp\/v2\/pages\/223"}],"collection":[{"href":"https:\/\/electrocontrol.es\/en\/wp-json\/wp\/v2\/pages"}],"about":[{"href":"https:\/\/electrocontrol.es\/en\/wp-json\/wp\/v2\/types\/page"}],"author":[{"embeddable":true,"href":"https:\/\/electrocontrol.es\/en\/wp-json\/wp\/v2\/users\/2"}],"replies":[{"embeddable":true,"href":"https:\/\/electrocontrol.es\/en\/wp-json\/wp\/v2\/comments?post=223"}],"version-history":[{"count":9,"href":"https:\/\/electrocontrol.es\/en\/wp-json\/wp\/v2\/pages\/223\/revisions"}],"predecessor-version":[{"id":1678,"href":"https:\/\/electrocontrol.es\/en\/wp-json\/wp\/v2\/pages\/223\/revisions\/1678"}],"wp:attachment":[{"href":"https:\/\/electrocontrol.es\/en\/wp-json\/wp\/v2\/media?parent=223"}],"curies":[{"name":"wp","href":"https:\/\/api.w.org\/{rel}","templated":true}]}}