{"id":1545,"date":"2024-04-05T08:13:53","date_gmt":"2024-04-05T08:13:53","guid":{"rendered":"https:\/\/electrocontrol.es\/?page_id=1545"},"modified":"2024-04-15T07:03:07","modified_gmt":"2024-04-15T07:03:07","slug":"noticias","status":"publish","type":"page","link":"https:\/\/electrocontrol.es\/en\/noticias\/","title":{"rendered":"Noticias"},"content":{"rendered":"<div data-elementor-type=\"wp-page\" data-elementor-id=\"1545\" class=\"elementor elementor-1545\" data-elementor-post-type=\"page\">\n\t\t\t\t\t\t<section class=\"elementor-section elementor-top-section elementor-element elementor-element-f8ad93d elementor-section-boxed elementor-section-height-default elementor-section-height-default\" data-id=\"f8ad93d\" data-element_type=\"section\" data-settings=\"{&quot;background_background&quot;:&quot;classic&quot;}\">\n\t\t\t\t\t\t\t<div class=\"elementor-background-overlay\"><\/div>\n\t\t\t\t\t\t\t<div class=\"elementor-container elementor-column-gap-default\">\n\t\t\t\t\t<div class=\"elementor-column elementor-col-100 elementor-top-column elementor-element elementor-element-573fd867\" data-id=\"573fd867\" data-element_type=\"column\">\n\t\t\t<div class=\"elementor-widget-wrap elementor-element-populated\">\n\t\t\t\t\t\t<section class=\"elementor-section elementor-inner-section elementor-element elementor-element-13820214 elementor-section-boxed elementor-section-height-default elementor-section-height-default elementor-invisible\" data-id=\"13820214\" data-element_type=\"section\" data-settings=\"{&quot;background_background&quot;:&quot;classic&quot;,&quot;animation&quot;:&quot;fadeInUp&quot;}\">\n\t\t\t\t\t\t<div class=\"elementor-container elementor-column-gap-default\">\n\t\t\t\t\t<div class=\"elementor-column elementor-col-100 elementor-inner-column elementor-element elementor-element-761ebf13\" data-id=\"761ebf13\" data-element_type=\"column\">\n\t\t\t<div class=\"elementor-widget-wrap elementor-element-populated\">\n\t\t\t\t\t\t<div class=\"elementor-element elementor-element-56e299ba elementor-widget elementor-widget-heading\" data-id=\"56e299ba\" data-element_type=\"widget\" data-widget_type=\"heading.default\">\n\t\t\t\t<div class=\"elementor-widget-container\">\n\t\t\t<style>\/*! elementor - v3.19.0 - 07-02-2024 *\/\n.elementor-heading-title{padding:0;margin:0;line-height:1}.elementor-widget-heading .elementor-heading-title[class*=elementor-size-]>a{color:inherit;font-size:inherit;line-height:inherit}.elementor-widget-heading .elementor-heading-title.elementor-size-small{font-size:15px}.elementor-widget-heading .elementor-heading-title.elementor-size-medium{font-size:19px}.elementor-widget-heading .elementor-heading-title.elementor-size-large{font-size:29px}.elementor-widget-heading .elementor-heading-title.elementor-size-xl{font-size:39px}.elementor-widget-heading .elementor-heading-title.elementor-size-xxl{font-size:59px}<\/style><h1 class=\"elementor-heading-title elementor-size-default\">Noticias<\/h1>\t\t<\/div>\n\t\t\t\t<\/div>\n\t\t\t\t\t<\/div>\n\t\t<\/div>\n\t\t\t\t\t<\/div>\n\t\t<\/section>\n\t\t\t\t\t<\/div>\n\t\t<\/div>\n\t\t\t\t\t<\/div>\n\t\t<\/section>\n\t\t\t\t<section class=\"elementor-section elementor-top-section elementor-element elementor-element-11f0cd43 elementor-section-boxed elementor-section-height-default elementor-section-height-default\" data-id=\"11f0cd43\" data-element_type=\"section\" data-settings=\"{&quot;background_background&quot;:&quot;classic&quot;}\">\n\t\t\t\t\t\t<div class=\"elementor-container elementor-column-gap-default\">\n\t\t\t\t\t<div class=\"elementor-column elementor-col-100 elementor-top-column elementor-element elementor-element-3eeda89e\" data-id=\"3eeda89e\" data-element_type=\"column\">\n\t\t\t<div class=\"elementor-widget-wrap elementor-element-populated\">\n\t\t\t\t\t\t<div class=\"elementor-element elementor-element-2c93200 elementor-widget elementor-widget-elementskit-blog-posts\" data-id=\"2c93200\" data-element_type=\"widget\" data-widget_type=\"elementskit-blog-posts.default\">\n\t\t\t\t<div class=\"elementor-widget-container\">\n\t\t\t<div class=\"ekit-wid-con\" >        <div id=\"post-items--2c93200\" class=\"row post-items\">\n                    <div class=\"col-md-12\">\n\n                                    <div class=\"elementskit-blog-block-post\">\n                        <div class=\"row no-gutters\">\n                                                            <div class=\"col-md-6 order-1\">\n                                    <a href=\"https:\/\/electrocontrol.es\/en\/optimiza-tu-empresa-con-la-automatizacion-de-procesos-en-murcia\/\" class=\"elementskit-entry-thumb\">\n                                        <img decoding=\"async\" src=\"https:\/\/electrocontrol.es\/wp-content\/uploads\/2024\/05\/Automatizacion-de-procesos.jpg\" alt=\"Optimiza tu empresa con la automatizaci\u00f3n de procesos en Murcia\">\n                                    <\/a><!-- .elementskit-entry-thumb END -->\n                                <\/div>\n                            \n                            <div class=\"col-md-6 order-2\">\n                                <div class=\"elementskit-post-body\">\n                                    <div class=\"elementskit-entry-header\">\n                                        \n                                                                                            \t\t\t\t\t                                            \n                                            \n                                                                                            \t\t\t\t<h2 class=\"entry-title\">\n\t\t\t\t\t<a href=\"https:\/\/electrocontrol.es\/en\/optimiza-tu-empresa-con-la-automatizacion-de-procesos-en-murcia\/\">\n\t\t\t\t\t\tOptimiza tu empresa con la automatizaci\u00f3n de procesos en Murcia\t\t\t\t\t<\/a>\n\t\t\t\t<\/h2>\n\t\t\t                                                                                <\/div><!-- .elementskit-entry-header END -->\n\n                                                                            <div class=\"elementskit-post-footer\">\n                                                                                            <p>La automatizaci\u00f3n industrial de procesos en la Regi\u00f3n de Murcia es esencial para mejorar la eficiencia y reducir costos en la producci\u00f3n. \u00a0 Electrocontrol se destaca como l\u00edder en soluciones de automatizaci\u00f3n, ofreciendo sistemas avanzados y programaci\u00f3n de aut\u00f3matas. En sectores como el alimentario y la industria qu\u00edmica, la automatizaci\u00f3n de procesos con optimiza la [&hellip;]<\/p>\n                                                                                                                                <\/div><!-- .elementskit-post-footer END -->\n                                                                    <\/div><!-- .elementskit-post-body END -->\n                            <\/div>\n                        <\/div>\n                    <\/div><!-- .elementskit-blog-block-post .radius .gradient-bg END -->\n                \n            <\/div>\n                    <div class=\"col-md-12\">\n\n                                    <div class=\"elementskit-blog-block-post\">\n                        <div class=\"row no-gutters\">\n                                                            <div class=\"col-md-6 order-1\">\n                                    <a href=\"https:\/\/electrocontrol.es\/en\/climatizacion-en-murcia-para-tu-hogar-o-negocio\/\" class=\"elementskit-entry-thumb\">\n                                        <img decoding=\"async\" src=\"https:\/\/electrocontrol.es\/wp-content\/uploads\/2024\/04\/2149250267-1024x732.jpg\" alt=\"Climatizaci\u00f3n en Murcia para tu hogar o negocio\">\n                                    <\/a><!-- .elementskit-entry-thumb END -->\n                                <\/div>\n                            \n                            <div class=\"col-md-6 order-2\">\n                                <div class=\"elementskit-post-body\">\n                                    <div class=\"elementskit-entry-header\">\n                                        \n                                                                                            \t\t\t\t\t                                            \n                                            \n                                                                                            \t\t\t\t<h2 class=\"entry-title\">\n\t\t\t\t\t<a href=\"https:\/\/electrocontrol.es\/en\/climatizacion-en-murcia-para-tu-hogar-o-negocio\/\">\n\t\t\t\t\t\tClimatizaci\u00f3n en Murcia para tu hogar o negocio\t\t\t\t\t<\/a>\n\t\t\t\t<\/h2>\n\t\t\t                                                                                <\/div><!-- .elementskit-entry-header END -->\n\n                                                                            <div class=\"elementskit-post-footer\">\n                                                                                            <p>La climatizaci\u00f3n en Murcia es un tema de gran importancia para mantener un ambiente confortable en hogares y negocios. Empresas como Electrocontrol ofrecen servicios especializados en instalaci\u00f3n, mantenimiento y reparaci\u00f3n de sistemas de climatizaci\u00f3n, as\u00ed como en energ\u00edas renovables y dise\u00f1o de sistemas avanzados. Con enfoque en calidad y eficiencia, estas empresas satisfacen las necesidades [&hellip;]<\/p>\n                                                                                                                                <\/div><!-- .elementskit-post-footer END -->\n                                                                    <\/div><!-- .elementskit-post-body END -->\n                            <\/div>\n                        <\/div>\n                    <\/div><!-- .elementskit-blog-block-post .radius .gradient-bg END -->\n                \n            <\/div>\n                    <div class=\"col-md-12\">\n\n                                    <div class=\"elementskit-blog-block-post\">\n                        <div class=\"row no-gutters\">\n                                                            <div class=\"col-md-6 order-1\">\n                                    <a href=\"https:\/\/electrocontrol.es\/en\/instalacion-electrica-en-puerto-lumbreras\/\" class=\"elementskit-entry-thumb\">\n                                        <img decoding=\"async\" src=\"https:\/\/electrocontrol.es\/wp-content\/uploads\/2024\/04\/installing-or-repairing-electrical-panel-2023-11-27-05-05-29-utc-1024x683.jpg\" alt=\"Electrocontrol: tu instalaci\u00f3n el\u00e9ctrica en Puerto Lumbreras\">\n                                    <\/a><!-- .elementskit-entry-thumb END -->\n                                <\/div>\n                            \n                            <div class=\"col-md-6 order-2\">\n                                <div class=\"elementskit-post-body\">\n                                    <div class=\"elementskit-entry-header\">\n                                        \n                                                                                            \t\t\t\t\t                                            \n                                            \n                                                                                            \t\t\t\t<h2 class=\"entry-title\">\n\t\t\t\t\t<a href=\"https:\/\/electrocontrol.es\/en\/instalacion-electrica-en-puerto-lumbreras\/\">\n\t\t\t\t\t\tElectrocontrol: tu instalaci\u00f3n el\u00e9ctrica en Puerto Lumbreras\t\t\t\t\t<\/a>\n\t\t\t\t<\/h2>\n\t\t\t                                                                                <\/div><!-- .elementskit-entry-header END -->\n\n                                                                            <div class=\"elementskit-post-footer\">\n                                                                                            <p>En Puerto Lumbreras, Murcia, la instalaci\u00f3n el\u00e9ctrica es esencial para empresas y hogares. Profesionales cualificados ofrecen servicios r\u00e1pidos y econ\u00f3micos, garantizando asistencia las 24 horas. Empresas como Electrocontrol brindan reparaciones inmediatas y mantenimiento el\u00e9ctrico. Es vital contar con instalaciones el\u00e9ctricas de calidad, ya que una instalaci\u00f3n el\u00e9ctrica mal ejecutada puede representar un peligro constante tanto [&hellip;]<\/p>\n                                                                                                                                <\/div><!-- .elementskit-post-footer END -->\n                                                                    <\/div><!-- .elementskit-post-body END -->\n                            <\/div>\n                        <\/div>\n                    <\/div><!-- .elementskit-blog-block-post .radius .gradient-bg END -->\n                \n            <\/div>\n                <\/div>\n       <\/div>\t\t<\/div>\n\t\t\t\t<\/div>\n\t\t\t\t\t<\/div>\n\t\t<\/div>\n\t\t\t\t\t<\/div>\n\t\t<\/section>\n\t\t\t\t<\/div>","protected":false},"excerpt":{"rendered":"<p>Noticias Electrocontrol: tu instalaci\u00f3n el\u00e9ctrica en Puerto Lumbreras En Puerto Lumbreras, Murcia, la instalaci\u00f3n el\u00e9ctrica es esencial para empresas y hogares. Profesionales cualificados ofrecen servicios r\u00e1pidos y econ\u00f3micos, garantizando asistencia las 24 horas. Empresas como Electrocontrol brindan reparaciones inmediatas y mantenimiento el\u00e9ctrico. Es vital contar con instalaciones el\u00e9ctricas de calidad, ya que una instalaci\u00f3n el\u00e9ctrica [&hellip;]<\/p>","protected":false},"author":1,"featured_media":0,"parent":0,"menu_order":0,"comment_status":"closed","ping_status":"closed","template":"elementor_header_footer","meta":{"_monsterinsights_skip_tracking":false,"_monsterinsights_sitenote_active":false,"_monsterinsights_sitenote_note":"","_monsterinsights_sitenote_category":0,"footnotes":""},"yoast_head":"<!-- This site is optimized with the Yoast SEO plugin v22.1 - https:\/\/yoast.com\/wordpress\/plugins\/seo\/ -->\n<title>Noticias - Electrocontrol<\/title>\n<meta name=\"robots\" content=\"index, follow, max-snippet:-1, max-image-preview:large, max-video-preview:-1\" \/>\n<link rel=\"canonical\" href=\"https:\/\/electrocontrol.es\/en\/noticias\/\" \/>\n<meta property=\"og:locale\" content=\"en_US\" \/>\n<meta property=\"og:type\" content=\"article\" \/>\n<meta property=\"og:title\" content=\"Noticias - Electrocontrol\" \/>\n<meta property=\"og:description\" content=\"Noticias Electrocontrol: tu instalaci\u00f3n el\u00e9ctrica en Puerto Lumbreras En Puerto Lumbreras, Murcia, la instalaci\u00f3n el\u00e9ctrica es esencial para empresas y hogares. Profesionales cualificados ofrecen servicios r\u00e1pidos y econ\u00f3micos, garantizando asistencia las 24 horas. Empresas como Electrocontrol brindan reparaciones inmediatas y mantenimiento el\u00e9ctrico. Es vital contar con instalaciones el\u00e9ctricas de calidad, ya que una instalaci\u00f3n el\u00e9ctrica [&hellip;]\" \/>\n<meta property=\"og:url\" content=\"https:\/\/electrocontrol.es\/en\/noticias\/\" \/>\n<meta property=\"og:site_name\" content=\"Electrocontrol\" \/>\n<meta property=\"article:modified_time\" content=\"2024-04-15T07:03:07+00:00\" \/>\n<meta property=\"og:image\" content=\"https:\/\/electrocontrol.es\/wp-content\/uploads\/2024\/04\/installing-or-repairing-electrical-panel-2023-11-27-05-05-29-utc-1024x683.jpg\" \/>\n<meta name=\"twitter:card\" content=\"summary_large_image\" \/>\n<meta name=\"twitter:label1\" content=\"Est. reading time\" \/>\n\t<meta name=\"twitter:data1\" content=\"2 minutes\" \/>\n<script type=\"application\/ld+json\" class=\"yoast-schema-graph\">{\"@context\":\"https:\/\/schema.org\",\"@graph\":[{\"@type\":\"WebPage\",\"@id\":\"https:\/\/electrocontrol.es\/noticias\/\",\"url\":\"https:\/\/electrocontrol.es\/noticias\/\",\"name\":\"Noticias - Electrocontrol\",\"isPartOf\":{\"@id\":\"https:\/\/electrocontrol.es\/en\/#website\"},\"datePublished\":\"2024-04-05T08:13:53+00:00\",\"dateModified\":\"2024-04-15T07:03:07+00:00\",\"breadcrumb\":{\"@id\":\"https:\/\/electrocontrol.es\/noticias\/#breadcrumb\"},\"inLanguage\":\"en-US\",\"potentialAction\":[{\"@type\":\"ReadAction\",\"target\":[\"https:\/\/electrocontrol.es\/noticias\/\"]}]},{\"@type\":\"BreadcrumbList\",\"@id\":\"https:\/\/electrocontrol.es\/noticias\/#breadcrumb\",\"itemListElement\":[{\"@type\":\"ListItem\",\"position\":1,\"name\":\"Portada\",\"item\":\"https:\/\/electrocontrol.es\/\"},{\"@type\":\"ListItem\",\"position\":2,\"name\":\"Noticias\"}]},{\"@type\":\"WebSite\",\"@id\":\"https:\/\/electrocontrol.es\/en\/#website\",\"url\":\"https:\/\/electrocontrol.es\/en\/\",\"name\":\"Electrocontrol\",\"description\":\"Electricidad &amp; Automatizaci\u00f3n\",\"publisher\":{\"@id\":\"https:\/\/electrocontrol.es\/en\/#organization\"},\"potentialAction\":[{\"@type\":\"SearchAction\",\"target\":{\"@type\":\"EntryPoint\",\"urlTemplate\":\"https:\/\/electrocontrol.es\/en\/?s={search_term_string}\"},\"query-input\":\"required name=search_term_string\"}],\"inLanguage\":\"en-US\"},{\"@type\":\"Organization\",\"@id\":\"https:\/\/electrocontrol.es\/en\/#organization\",\"name\":\"Electrocontrol\",\"url\":\"https:\/\/electrocontrol.es\/en\/\",\"logo\":{\"@type\":\"ImageObject\",\"inLanguage\":\"en-US\",\"@id\":\"https:\/\/electrocontrol.es\/en\/#\/schema\/logo\/image\/\",\"url\":\"https:\/\/electrocontrol.es\/wp-content\/uploads\/2023\/05\/MicrosoftTeams-image-11.png\",\"contentUrl\":\"https:\/\/electrocontrol.es\/wp-content\/uploads\/2023\/05\/MicrosoftTeams-image-11.png\",\"width\":480,\"height\":75,\"caption\":\"Electrocontrol\"},\"image\":{\"@id\":\"https:\/\/electrocontrol.es\/en\/#\/schema\/logo\/image\/\"}}]}<\/script>\n<!-- \/ Yoast SEO plugin. -->","yoast_head_json":{"title":"Noticias - Electrocontrol","robots":{"index":"index","follow":"follow","max-snippet":"max-snippet:-1","max-image-preview":"max-image-preview:large","max-video-preview":"max-video-preview:-1"},"canonical":"https:\/\/electrocontrol.es\/en\/noticias\/","og_locale":"en_US","og_type":"article","og_title":"Noticias - Electrocontrol","og_description":"Noticias Electrocontrol: tu instalaci\u00f3n el\u00e9ctrica en Puerto Lumbreras En Puerto Lumbreras, Murcia, la instalaci\u00f3n el\u00e9ctrica es esencial para empresas y hogares. Profesionales cualificados ofrecen servicios r\u00e1pidos y econ\u00f3micos, garantizando asistencia las 24 horas. Empresas como Electrocontrol brindan reparaciones inmediatas y mantenimiento el\u00e9ctrico. Es vital contar con instalaciones el\u00e9ctricas de calidad, ya que una instalaci\u00f3n el\u00e9ctrica [&hellip;]","og_url":"https:\/\/electrocontrol.es\/en\/noticias\/","og_site_name":"Electrocontrol","article_modified_time":"2024-04-15T07:03:07+00:00","og_image":[{"url":"https:\/\/electrocontrol.es\/wp-content\/uploads\/2024\/04\/installing-or-repairing-electrical-panel-2023-11-27-05-05-29-utc-1024x683.jpg"}],"twitter_card":"summary_large_image","twitter_misc":{"Est. reading time":"2 minutes"},"schema":{"@context":"https:\/\/schema.org","@graph":[{"@type":"WebPage","@id":"https:\/\/electrocontrol.es\/noticias\/","url":"https:\/\/electrocontrol.es\/noticias\/","name":"Noticias - Electrocontrol","isPartOf":{"@id":"https:\/\/electrocontrol.es\/en\/#website"},"datePublished":"2024-04-05T08:13:53+00:00","dateModified":"2024-04-15T07:03:07+00:00","breadcrumb":{"@id":"https:\/\/electrocontrol.es\/noticias\/#breadcrumb"},"inLanguage":"en-US","potentialAction":[{"@type":"ReadAction","target":["https:\/\/electrocontrol.es\/noticias\/"]}]},{"@type":"BreadcrumbList","@id":"https:\/\/electrocontrol.es\/noticias\/#breadcrumb","itemListElement":[{"@type":"ListItem","position":1,"name":"Portada","item":"https:\/\/electrocontrol.es\/"},{"@type":"ListItem","position":2,"name":"Noticias"}]},{"@type":"WebSite","@id":"https:\/\/electrocontrol.es\/en\/#website","url":"https:\/\/electrocontrol.es\/en\/","name":"Electrocontrol","description":"Electricidad &amp; Automatizaci\u00f3n","publisher":{"@id":"https:\/\/electrocontrol.es\/en\/#organization"},"potentialAction":[{"@type":"SearchAction","target":{"@type":"EntryPoint","urlTemplate":"https:\/\/electrocontrol.es\/en\/?s={search_term_string}"},"query-input":"required name=search_term_string"}],"inLanguage":"en-US"},{"@type":"Organization","@id":"https:\/\/electrocontrol.es\/en\/#organization","name":"Electrocontrol","url":"https:\/\/electrocontrol.es\/en\/","logo":{"@type":"ImageObject","inLanguage":"en-US","@id":"https:\/\/electrocontrol.es\/en\/#\/schema\/logo\/image\/","url":"https:\/\/electrocontrol.es\/wp-content\/uploads\/2023\/05\/MicrosoftTeams-image-11.png","contentUrl":"https:\/\/electrocontrol.es\/wp-content\/uploads\/2023\/05\/MicrosoftTeams-image-11.png","width":480,"height":75,"caption":"Electrocontrol"},"image":{"@id":"https:\/\/electrocontrol.es\/en\/#\/schema\/logo\/image\/"}}]}},"_links":{"self":[{"href":"https:\/\/electrocontrol.es\/en\/wp-json\/wp\/v2\/pages\/1545"}],"collection":[{"href":"https:\/\/electrocontrol.es\/en\/wp-json\/wp\/v2\/pages"}],"about":[{"href":"https:\/\/electrocontrol.es\/en\/wp-json\/wp\/v2\/types\/page"}],"author":[{"embeddable":true,"href":"https:\/\/electrocontrol.es\/en\/wp-json\/wp\/v2\/users\/1"}],"replies":[{"embeddable":true,"href":"https:\/\/electrocontrol.es\/en\/wp-json\/wp\/v2\/comments?post=1545"}],"version-history":[{"count":14,"href":"https:\/\/electrocontrol.es\/en\/wp-json\/wp\/v2\/pages\/1545\/revisions"}],"predecessor-version":[{"id":1597,"href":"https:\/\/electrocontrol.es\/en\/wp-json\/wp\/v2\/pages\/1545\/revisions\/1597"}],"wp:attachment":[{"href":"https:\/\/electrocontrol.es\/en\/wp-json\/wp\/v2\/media?parent=1545"}],"curies":[{"name":"wp","href":"https:\/\/api.w.org\/{rel}","templated":true}]}}